{"id":470,"date":"2021-06-19T15:13:46","date_gmt":"2021-06-19T13:13:46","guid":{"rendered":"https:\/\/abrias.cyon.site\/honoraires-et-frais\/"},"modified":"2021-06-19T15:13:47","modified_gmt":"2021-06-19T13:13:47","slug":"honoraires-et-frais","status":"publish","type":"page","link":"https:\/\/www.abrias.ch\/fr\/honoraires-et-frais\/","title":{"rendered":"Honoraires et frais"},"content":{"rendered":"<p><div class=\"et_d4_element et_pb_section et_pb_section_0 ab-hero-image et_pb_with_background  et_pb_css_mix_blend_mode et_section_regular et_block_section\" >\n\t\t\t\t\n\t\t\t\t\n\t\t\t\t\n\t\t\t\t\n\t\t\t\t\n\t\t\t\t\n\t\t\t\t\n\t\t\t\t\n\t\t\t\t\n\t\t\t<\/div><div class=\"et_d4_element et_pb_section et_pb_section_1  et_pb_css_mix_blend_mode et_section_regular et_block_section\" >\n\t\t\t\t\n\t\t\t\t\n\t\t\t\t\n\t\t\t\t\n\t\t\t\t\n\t\t\t\t\n\t\t\t\t<div class=\"et_d4_element et_pb_row et_pb_row_0  et_pb_css_mix_blend_mode et_block_row\">\n\t\t\t\t<div class=\"et_d4_element et_pb_column_4_4 et_pb_column et_pb_column_0  et_pb_css_mix_blend_mode et-last-child et_block_column\">\n\t\t\t\t\n\t\t\t\t\n\t\t\t\t\n\t\t\t\t\n\t\t\t\t<div class=\"et_pb_module et_d4_element et_pb_text et_pb_text_0  et_pb_text_align_left et_pb_bg_layout_light\">\n\t\t\t\t\n\t\t\t\t\n\t\t\t\t\n\t\t\t\t\n\t\t\t\t<div class=\"et_pb_text_inner\"><h1>Honoraires et frais<\/h1><\/div>\n\t\t\t<\/div><div class=\"et_pb_module et_d4_element et_pb_text et_pb_text_1  et_pb_text_align_left et_pb_bg_layout_light\">\n\t\t\t\t\n\t\t\t\t\n\t\t\t\t\n\t\t\t\t\n\t\t\t\t<div class=\"et_pb_text_inner\"><p>Les honoraires acquitt\u00e9s par les clients sont l\u2019unique source de revenus d\u2019Abrias, ce qui nous permet de r\u00e9unir les conditions n\u00e9cessaires pour \u00e9viter tout conflit d\u2019int\u00e9r\u00eats. Nous travaillons dans l\u2019int\u00e9r\u00eat exclusif de nos clients. La composition de nos honoraires est par ailleurs simple et transparente, dans la mesure o\u00f9 il s\u2019agit d\u2019une r\u00e9mun\u00e9ration tout compris, correspondant \u00e0 un pourcentage d\u00e9gressif des actifs qui nous sont confi\u00e9s, \u00e9ventuellement compl\u00e9t\u00e9e d\u2019honoraires subordonn\u00e9s \u00e0 la performance.<\/p>\n<p>Les banques d\u00e9positaires per\u00e7oivent elles aussi une r\u00e9mun\u00e9ration tout compris, correspondant \u00e9galement \u00e0 un pourcentage d\u00e9gressif des actifs. Elle inclut par exemple l\u2019ensemble des frais de transaction li\u00e9s \u00e0 l\u2019achat et \u00e0 la vente de titres, l\u2019ensemble des frais de perception des dividendes et des coupons, la garde des titres en Suisse et \u00e0 l\u2019\u00e9tranger, etc.<\/p>\n<p>Les op\u00e9rations de change de toutes tailles sont r\u00e9alis\u00e9es aux conditions institutionnelles de 0,05% du volume de transaction.<\/p>\n<p>A titre d\u2019exemple, voici les possibilit\u00e9s pour un mandat d\u2019actions d\u2019environ 10\u00a0millions CHF:<\/p>\n<ol>\n<li>Des honoraires fixes qui correspondent \u00e0 un pourcentage des actifs.<\/li>\n<li>Des honoraires fixes r\u00e9duits qui correspondent \u00e0 un pourcentage des actifs, compl\u00e9t\u00e9 d\u2019honoraires subordonn\u00e9s \u00e0 la performance \u00e9gaux \u00e0 un pourcentage de la performance nette (avec high watermark) au-dessus du rendement sans risques.<\/li>\n<li>Pas d\u2019honoraires fixes, mais uniquement des honoraires subordonn\u00e9s \u00e0 la performance de 20% de la performance nette (avec high watermark) au-dessus du rendement sans risques.<\/li>\n<\/ol>\n<p>Pour toutes ces options, le droit de garde tout compris s\u2019\u00e9l\u00e8ve \u00e0 0,20% des actifs par an.<\/p><\/div>\n\t\t\t<\/div>\n\t\t\t<\/div>\n\t\t\t\t\n\t\t\t\t\n\t\t\t\t\n\t\t\t\t\n\t\t\t<\/div>\n\t\t\t\t\n\t\t\t\t\n\t\t\t<\/div><\/p>\n","protected":false},"excerpt":{"rendered":"","protected":false},"author":1,"featured_media":0,"parent":0,"menu_order":0,"comment_status":"closed","ping_status":"closed","template":"","meta":{"_et_pb_use_builder":"on","_et_pb_old_content":"","_et_gb_content_width":"","footnotes":""},"class_list":["post-470","page","type-page","status-publish","hentry"],"_links":{"self":[{"href":"https:\/\/www.abrias.ch\/fr\/wp-json\/wp\/v2\/pages\/470","targetHints":{"allow":["GET"]}}],"collection":[{"href":"https:\/\/www.abrias.ch\/fr\/wp-json\/wp\/v2\/pages"}],"about":[{"href":"https:\/\/www.abrias.ch\/fr\/wp-json\/wp\/v2\/types\/page"}],"author":[{"embeddable":true,"href":"https:\/\/www.abrias.ch\/fr\/wp-json\/wp\/v2\/users\/1"}],"replies":[{"embeddable":true,"href":"https:\/\/www.abrias.ch\/fr\/wp-json\/wp\/v2\/comments?post=470"}],"version-history":[{"count":2,"href":"https:\/\/www.abrias.ch\/fr\/wp-json\/wp\/v2\/pages\/470\/revisions"}],"predecessor-version":[{"id":472,"href":"https:\/\/www.abrias.ch\/fr\/wp-json\/wp\/v2\/pages\/470\/revisions\/472"}],"wp:attachment":[{"href":"https:\/\/www.abrias.ch\/fr\/wp-json\/wp\/v2\/media?parent=470"}],"curies":[{"name":"wp","href":"https:\/\/api.w.org\/{rel}","templated":true}]}}