{"id":463,"date":"2021-06-19T15:10:11","date_gmt":"2021-06-19T13:10:11","guid":{"rendered":"https:\/\/abrias.cyon.site\/gestion-de-fortune\/"},"modified":"2021-06-28T09:07:51","modified_gmt":"2021-06-28T07:07:51","slug":"gestion-de-fortune","status":"publish","type":"page","link":"https:\/\/www.abrias.ch\/fr\/gestion-de-fortune\/","title":{"rendered":"Gestion de fortune"},"content":{"rendered":"<p><div class=\"et_d4_element et_pb_section et_pb_section_0 ab-hero-image et_pb_with_background  et_pb_css_mix_blend_mode et_section_regular et_block_section\" >\n\t\t\t\t\n\t\t\t\t\n\t\t\t\t\n\t\t\t\t\n\t\t\t\t\n\t\t\t\t\n\t\t\t\t\n\t\t\t\t\n\t\t\t\t\n\t\t\t<\/div><div class=\"et_d4_element et_pb_section et_pb_section_1  et_pb_css_mix_blend_mode et_section_regular et_block_section\" >\n\t\t\t\t\n\t\t\t\t\n\t\t\t\t\n\t\t\t\t\n\t\t\t\t\n\t\t\t\t\n\t\t\t\t<div class=\"et_d4_element et_pb_row et_pb_row_0  et_pb_css_mix_blend_mode et_block_row\">\n\t\t\t\t<div class=\"et_d4_element et_pb_column_4_4 et_pb_column et_pb_column_0  et_pb_css_mix_blend_mode et-last-child et_block_column\">\n\t\t\t\t\n\t\t\t\t\n\t\t\t\t\n\t\t\t\t\n\t\t\t\t<div class=\"et_pb_module et_d4_element et_pb_text et_pb_text_0  et_pb_text_align_left et_pb_bg_layout_light\">\n\t\t\t\t\n\t\t\t\t\n\t\t\t\t\n\t\t\t\t\n\t\t\t\t<div class=\"et_pb_text_inner\"><h1>Gestion de fortune<\/h1><\/div>\n\t\t\t<\/div><div class=\"et_pb_module et_d4_element et_pb_text et_pb_text_1  et_pb_text_align_left et_pb_bg_layout_light\">\n\t\t\t\t\n\t\t\t\t\n\t\t\t\t\n\t\t\t\t\n\t\t\t\t<div class=\"et_pb_text_inner\"><p>Par un mandat de gestion de fortune, vous nous mandatez pour que nous g\u00e9rions, en toute ind\u00e9pendance et dans le cadre des orientations d\u2019investissement convenues, les actifs que vous nous confiez.<\/p>\n<p>Notre priorit\u00e9 absolue est de surveiller et d\u2019optimiser en permanence l\u2019\u00e9volution de votre patrimoine. A intervalles r\u00e9guliers, nous discutons avec vous des r\u00e9sultats obtenus et d\u00e9cidons, au besoin, d\u2019\u00e9ventuels ajustements de vos objectifs de placement.<\/p>\n<p>L\u2019ensemble de notre activit\u00e9 de gestion de fortune est marqu\u00e9e et d\u00e9termin\u00e9e par une philosophie de placement claire\u00a0: ax\u00e9e sur la valeur, rigoureuse, intransigeante\u00a0\u2013 et qui ne se laisse pas influencer par des effets de mode \u00e0 court terme.<\/p>\n<p>Pour \u00eatre de qualit\u00e9, le conseil doit \u00eatre tr\u00e8s individualis\u00e9. C\u2019est pourquoi nous vous accordons beaucoup de temps, d\u00e8s le premier entretien, de fa\u00e7on \u00e0 bien vous conna\u00eetre et \u00e0 d\u00e9finir vos objectifs de placement personnels et votre propre profil de risque. Ces informations ainsi que l\u2019analyse minutieuse de votre situation actuelle nous permettent ensuite de mettre au point une strat\u00e9gie pour atteindre vos objectifs \u00e0 long terme.<\/p>\n<p>Nous travaillons exclusivement avec des banques d\u00e9positaires de premier plan, principalement en Suisse, qui remplissent les crit\u00e8res de qualit\u00e9 les plus \u00e9lev\u00e9s en termes de garde des actifs et d'ex\u00e9cution d'op\u00e9rations sur titres.<\/p>\n<p>Nous travaillons \u00e0 d\u00e9velopper une confiance durable avec nos clients qui sont au centre de nos r\u00e9flexions et de nos actions. Nous agissons exclusivement dans leur int\u00e9r\u00eat.<\/p>\n<p>Nous dispensons nos services professionnels sur une base ind\u00e9pendante et objective. Cette derni\u00e8re est la garante d\u2019une collaboration couronn\u00e9e de succ\u00e8s et durable.<\/p><\/div>\n\t\t\t<\/div>\n\t\t\t<\/div>\n\t\t\t\t\n\t\t\t\t\n\t\t\t\t\n\t\t\t\t\n\t\t\t<\/div>\n\t\t\t\t\n\t\t\t\t\n\t\t\t<\/div><\/p>\n","protected":false},"excerpt":{"rendered":"","protected":false},"author":1,"featured_media":0,"parent":0,"menu_order":0,"comment_status":"closed","ping_status":"closed","template":"","meta":{"_et_pb_use_builder":"on","_et_pb_old_content":"","_et_gb_content_width":"","footnotes":""},"class_list":["post-463","page","type-page","status-publish","hentry"],"_links":{"self":[{"href":"https:\/\/www.abrias.ch\/fr\/wp-json\/wp\/v2\/pages\/463","targetHints":{"allow":["GET"]}}],"collection":[{"href":"https:\/\/www.abrias.ch\/fr\/wp-json\/wp\/v2\/pages"}],"about":[{"href":"https:\/\/www.abrias.ch\/fr\/wp-json\/wp\/v2\/types\/page"}],"author":[{"embeddable":true,"href":"https:\/\/www.abrias.ch\/fr\/wp-json\/wp\/v2\/users\/1"}],"replies":[{"embeddable":true,"href":"https:\/\/www.abrias.ch\/fr\/wp-json\/wp\/v2\/comments?post=463"}],"version-history":[{"count":3,"href":"https:\/\/www.abrias.ch\/fr\/wp-json\/wp\/v2\/pages\/463\/revisions"}],"predecessor-version":[{"id":611,"href":"https:\/\/www.abrias.ch\/fr\/wp-json\/wp\/v2\/pages\/463\/revisions\/611"}],"wp:attachment":[{"href":"https:\/\/www.abrias.ch\/fr\/wp-json\/wp\/v2\/media?parent=463"}],"curies":[{"name":"wp","href":"https:\/\/api.w.org\/{rel}","templated":true}]}}