{"id":460,"date":"2021-06-19T15:09:05","date_gmt":"2021-06-19T13:09:05","guid":{"rendered":"https:\/\/abrias.cyon.site\/gestion-de-portefeuilles\/"},"modified":"2021-06-19T15:09:06","modified_gmt":"2021-06-19T13:09:06","slug":"gestion-de-portefeuilles","status":"publish","type":"page","link":"https:\/\/www.abrias.ch\/fr\/gestion-de-portefeuilles\/","title":{"rendered":"Gestion de portefeuilles"},"content":{"rendered":"<p><div class=\"et_d4_element et_pb_section et_pb_section_0 ab-hero-image et_pb_with_background  et_pb_css_mix_blend_mode et_section_regular et_block_section\" >\n\t\t\t\t\n\t\t\t\t\n\t\t\t\t\n\t\t\t\t\n\t\t\t\t\n\t\t\t\t\n\t\t\t\t\n\t\t\t\t\n\t\t\t\t\n\t\t\t<\/div><div class=\"et_d4_element et_pb_section et_pb_section_1  et_pb_css_mix_blend_mode et_section_regular et_block_section\" >\n\t\t\t\t\n\t\t\t\t\n\t\t\t\t\n\t\t\t\t\n\t\t\t\t\n\t\t\t\t\n\t\t\t\t<div class=\"et_d4_element et_pb_row et_pb_row_0  et_pb_css_mix_blend_mode et_block_row\">\n\t\t\t\t<div class=\"et_d4_element et_pb_column_4_4 et_pb_column et_pb_column_0  et_pb_css_mix_blend_mode et-last-child et_block_column\">\n\t\t\t\t\n\t\t\t\t\n\t\t\t\t\n\t\t\t\t\n\t\t\t\t<div class=\"et_pb_module et_d4_element et_pb_text et_pb_text_0  et_pb_text_align_left et_pb_bg_layout_light\">\n\t\t\t\t\n\t\t\t\t\n\t\t\t\t\n\t\t\t\t\n\t\t\t\t<div class=\"et_pb_text_inner\"><h1>Gestion de portefeuilles<\/h1><\/div>\n\t\t\t<\/div><div class=\"et_pb_module et_d4_element et_pb_text et_pb_text_1  et_pb_text_align_left et_pb_bg_layout_light\">\n\t\t\t\t\n\t\t\t\t\n\t\t\t\t\n\t\t\t\t\n\t\t\t\t<div class=\"et_pb_text_inner\"><p>Nous composons nos portefeuilles en nous fondant sur les enseignements de nos propres analyses et donc avec des entreprises qui se n\u00e9gocient avec un \u00e9cart int\u00e9ressant par rapport \u00e0 leur juste valeur. Plus la juste valeur est \u00e9lev\u00e9e par rapport \u00e0 la valorisation boursi\u00e8re actuelle, plus notre engagement est \u00e9lev\u00e9. Plus la diff\u00e9rence s\u2019amenuise par des hausses du cours de l\u2019action, plus la position est r\u00e9duite de mani\u00e8re dynamique.<\/p>\n<p>La pond\u00e9ration des portefeuilles selon les secteurs, industries, r\u00e9gions ou pays ne se fonde pas sur un benchmark ou un pronostic macro\u00e9conomique, mais sur la somme des diff\u00e9rents investissements (bottom-up). Pour des raisons de diversification, nous ne d\u00e9tenons jamais plus d\u2019un tiers d\u2019actions d\u2019un m\u00eame secteur ou encore six pour\u00a0cent d\u2019une seule position en actions.<\/p><\/div>\n\t\t\t<\/div>\n\t\t\t<\/div>\n\t\t\t\t\n\t\t\t\t\n\t\t\t\t\n\t\t\t\t\n\t\t\t<\/div>\n\t\t\t\t\n\t\t\t\t\n\t\t\t<\/div><\/p>\n","protected":false},"excerpt":{"rendered":"","protected":false},"author":1,"featured_media":0,"parent":0,"menu_order":0,"comment_status":"closed","ping_status":"closed","template":"","meta":{"_et_pb_use_builder":"on","_et_pb_old_content":"","_et_gb_content_width":"","footnotes":""},"class_list":["post-460","page","type-page","status-publish","hentry"],"_links":{"self":[{"href":"https:\/\/www.abrias.ch\/fr\/wp-json\/wp\/v2\/pages\/460","targetHints":{"allow":["GET"]}}],"collection":[{"href":"https:\/\/www.abrias.ch\/fr\/wp-json\/wp\/v2\/pages"}],"about":[{"href":"https:\/\/www.abrias.ch\/fr\/wp-json\/wp\/v2\/types\/page"}],"author":[{"embeddable":true,"href":"https:\/\/www.abrias.ch\/fr\/wp-json\/wp\/v2\/users\/1"}],"replies":[{"embeddable":true,"href":"https:\/\/www.abrias.ch\/fr\/wp-json\/wp\/v2\/comments?post=460"}],"version-history":[{"count":2,"href":"https:\/\/www.abrias.ch\/fr\/wp-json\/wp\/v2\/pages\/460\/revisions"}],"predecessor-version":[{"id":462,"href":"https:\/\/www.abrias.ch\/fr\/wp-json\/wp\/v2\/pages\/460\/revisions\/462"}],"wp:attachment":[{"href":"https:\/\/www.abrias.ch\/fr\/wp-json\/wp\/v2\/media?parent=460"}],"curies":[{"name":"wp","href":"https:\/\/api.w.org\/{rel}","templated":true}]}}