{"id":456,"date":"2021-06-19T15:07:56","date_gmt":"2021-06-19T13:07:56","guid":{"rendered":"https:\/\/abrias.cyon.site\/processus-de-placement\/"},"modified":"2024-01-20T11:32:22","modified_gmt":"2024-01-20T10:32:22","slug":"processus-de-placement","status":"publish","type":"page","link":"https:\/\/www.abrias.ch\/fr\/processus-de-placement\/","title":{"rendered":"Processus de placement"},"content":{"rendered":"<p><div class=\"et_d4_element et_pb_section et_pb_section_0 ab-hero-image et_pb_with_background  et_pb_css_mix_blend_mode et_section_regular et_block_section\" >\n\t\t\t\t\n\t\t\t\t\n\t\t\t\t\n\t\t\t\t\n\t\t\t\t\n\t\t\t\t\n\t\t\t\t\n\t\t\t\t\n\t\t\t\t\n\t\t\t<\/div><div class=\"et_d4_element et_pb_section et_pb_section_1  et_pb_css_mix_blend_mode et_section_regular et_block_section\" >\n\t\t\t\t\n\t\t\t\t\n\t\t\t\t\n\t\t\t\t\n\t\t\t\t\n\t\t\t\t\n\t\t\t\t<div class=\"et_d4_element et_pb_row et_pb_row_0  et_pb_css_mix_blend_mode et_block_row\">\n\t\t\t\t<div class=\"et_d4_element et_pb_column_4_4 et_pb_column et_pb_column_0  et_pb_css_mix_blend_mode et-last-child et_block_column\">\n\t\t\t\t\n\t\t\t\t\n\t\t\t\t\n\t\t\t\t\n\t\t\t\t<div class=\"et_pb_module et_d4_element et_pb_text et_pb_text_0  et_pb_text_align_left et_pb_bg_layout_light\">\n\t\t\t\t\n\t\t\t\t\n\t\t\t\t\n\t\t\t\t\n\t\t\t\t<div class=\"et_pb_text_inner\"><h1>Processus de placement<\/h1><\/div>\n\t\t\t<\/div>\n\t\t\t<\/div>\n\t\t\t\t\n\t\t\t\t\n\t\t\t\t\n\t\t\t\t\n\t\t\t<\/div><div class=\"et_d4_element et_pb_row et_pb_row_1  et_pb_css_mix_blend_mode et_block_row\">\n\t\t\t\t<div class=\"et_d4_element et_pb_column_4_4 et_pb_column et_pb_column_1  et_pb_css_mix_blend_mode et-last-child et_block_column\">\n\t\t\t\t\n\t\t\t\t\n\t\t\t\t\n\t\t\t\t\n\t\t\t\t<div class=\"et_pb_module et_d4_element et_pb_text et_pb_text_1  et_pb_text_align_left et_pb_bg_layout_light\">\n\t\t\t\t\n\t\t\t\t\n\t\t\t\t\n\t\t\t\t\n\t\t\t\t<div class=\"et_pb_text_inner\"><h2>Processus de s\u00e9lection<\/h2><\/div>\n\t\t\t<\/div><div class=\"et_pb_module et_d4_element et_pb_image et_pb_image_0\">\n\t\t\t\t\n\t\t\t\t\n\t\t\t\t\n\t\t\t\t\n\t\t\t\t<span class=\"et_pb_image_wrap \"><img loading=\"lazy\" decoding=\"async\" width=\"1200\" height=\"540\" src=\"https:\/\/www.abrias.ch\/wp-content\/uploads\/processus_selection_1200x540.png\" alt=\"Sch\u00e9ma: Processus de s\u00e9lection\" title=\"Sch\u00e9ma: Processus de s\u00e9lection\" srcset=\"https:\/\/www.abrias.ch\/wp-content\/uploads\/processus_selection_1200x540.png 1200w, https:\/\/www.abrias.ch\/wp-content\/uploads\/processus_selection_1200x540-980x441.png 980w, https:\/\/www.abrias.ch\/wp-content\/uploads\/processus_selection_1200x540-480x216.png 480w\" sizes=\"(min-width: 0px) and (max-width: 480px) 480px, (min-width: 481px) and (max-width: 980px) 980px, (min-width: 981px) 1200px, 100vw\" class=\"wp-image-554\" \/><\/span>\n\t\t\t<\/div><div class=\"et_pb_module et_d4_element et_pb_text et_pb_text_2  et_pb_text_align_left et_pb_bg_layout_light\">\n\t\t\t\t\n\t\t\t\t\n\t\t\t\t\n\t\t\t\t\n\t\t\t\t<div class=\"et_pb_text_inner\"><p>Nous privil\u00e9gions un processus de placement clair et transparent. Il nous permet de passer en revue de mani\u00e8re syst\u00e9matique et efficace les march\u00e9s d\u2019actions mondiaux et de consacrer ainsi la majeure partie de notre temps \u00e0 l\u2019analyse fondamentale des entreprises. Cela nous permet aussi de rester centr\u00e9s sur notre strat\u00e9gie en cette \u00e9poque de surabondance d\u2019informations.<\/p><\/div>\n\t\t\t<\/div><div class=\"et_pb_module et_d4_element et_pb_text et_pb_text_3  et_pb_text_align_left et_pb_bg_layout_light\">\n\t\t\t\t\n\t\t\t\t\n\t\t\t\t\n\t\t\t\t\n\t\t\t\t<div class=\"et_pb_text_inner\"><h2>Processus de contr\u00f4le<\/h2><\/div>\n\t\t\t<\/div><div class=\"et_pb_module et_d4_element et_pb_image et_pb_image_1\">\n\t\t\t\t\n\t\t\t\t\n\t\t\t\t\n\t\t\t\t\n\t\t\t\t<span class=\"et_pb_image_wrap \"><img loading=\"lazy\" decoding=\"async\" width=\"1200\" height=\"1204\" src=\"https:\/\/www.abrias.ch\/wp-content\/uploads\/FR-Uberprufungsprozess.png\" alt=\"prozess_ueberpruefung_1200x1200\" title=\"FR \u00dcberpr\u00fcfungsprozess\" srcset=\"https:\/\/www.abrias.ch\/wp-content\/uploads\/FR-Uberprufungsprozess.png 1200w, https:\/\/www.abrias.ch\/wp-content\/uploads\/FR-Uberprufungsprozess-980x983.png 980w, https:\/\/www.abrias.ch\/wp-content\/uploads\/FR-Uberprufungsprozess-480x482.png 480w\" sizes=\"(min-width: 0px) and (max-width: 480px) 480px, (min-width: 481px) and (max-width: 980px) 980px, (min-width: 981px) 1200px, 100vw\" class=\"wp-image-623\" \/><\/span>\n\t\t\t<\/div><div class=\"et_pb_module et_d4_element et_pb_text et_pb_text_4  et_pb_text_align_left et_pb_bg_layout_light\">\n\t\t\t\t\n\t\t\t\t\n\t\t\t\t\n\t\t\t\t\n\t\t\t\t<div class=\"et_pb_text_inner\"><p>En nous basant sur les connaissances fondamentales acquises lors de l\u2019analyse de chaque entreprise, nous d\u00e9finissons \u00e0 l\u2019avance le cours cible potentiel, c\u2019est-\u00e0-dire le prix de vente clairement d\u00e9fini d\u2019un engagement.<\/p>\n<p>En tant qu\u2019investisseurs, nous savons que r\u00e9ussir une vente est souvent plus difficile qu\u2019un achat et qu\u2019il est donc d\u2019autant plus important de faire preuve de rigueur.<\/p><\/div>\n\t\t\t<\/div>\n\t\t\t<\/div>\n\t\t\t\t\n\t\t\t\t\n\t\t\t\t\n\t\t\t\t\n\t\t\t<\/div>\n\t\t\t\t\n\t\t\t\t\n\t\t\t<\/div><\/p>\n","protected":false},"excerpt":{"rendered":"","protected":false},"author":1,"featured_media":0,"parent":0,"menu_order":0,"comment_status":"closed","ping_status":"closed","template":"","meta":{"_et_pb_use_builder":"on","_et_pb_old_content":"","_et_gb_content_width":"","footnotes":""},"class_list":["post-456","page","type-page","status-publish","hentry"],"_links":{"self":[{"href":"https:\/\/www.abrias.ch\/fr\/wp-json\/wp\/v2\/pages\/456","targetHints":{"allow":["GET"]}}],"collection":[{"href":"https:\/\/www.abrias.ch\/fr\/wp-json\/wp\/v2\/pages"}],"about":[{"href":"https:\/\/www.abrias.ch\/fr\/wp-json\/wp\/v2\/types\/page"}],"author":[{"embeddable":true,"href":"https:\/\/www.abrias.ch\/fr\/wp-json\/wp\/v2\/users\/1"}],"replies":[{"embeddable":true,"href":"https:\/\/www.abrias.ch\/fr\/wp-json\/wp\/v2\/comments?post=456"}],"version-history":[{"count":8,"href":"https:\/\/www.abrias.ch\/fr\/wp-json\/wp\/v2\/pages\/456\/revisions"}],"predecessor-version":[{"id":713,"href":"https:\/\/www.abrias.ch\/fr\/wp-json\/wp\/v2\/pages\/456\/revisions\/713"}],"wp:attachment":[{"href":"https:\/\/www.abrias.ch\/fr\/wp-json\/wp\/v2\/media?parent=456"}],"curies":[{"name":"wp","href":"https:\/\/api.w.org\/{rel}","templated":true}]}}