{"id":438,"date":"2021-06-19T14:57:48","date_gmt":"2021-06-19T12:57:48","guid":{"rendered":"https:\/\/abrias.cyon.site\/modele-et-principes-directeurs\/"},"modified":"2024-01-20T11:33:01","modified_gmt":"2024-01-20T10:33:01","slug":"modele-et-principes-directeurs","status":"publish","type":"page","link":"https:\/\/www.abrias.ch\/fr\/modele-et-principes-directeurs\/","title":{"rendered":"Mod\u00e8le et principes directeurs"},"content":{"rendered":"<p><div class=\"et_d4_element et_pb_section et_pb_section_0 ab-hero-image et_pb_with_background  et_pb_css_mix_blend_mode et_section_regular et_block_section\" >\n\t\t\t\t\n\t\t\t\t\n\t\t\t\t\n\t\t\t\t\n\t\t\t\t\n\t\t\t\t\n\t\t\t\t\n\t\t\t\t\n\t\t\t\t\n\t\t\t<\/div><div class=\"et_d4_element et_pb_section et_pb_section_1  et_pb_css_mix_blend_mode et_section_regular et_block_section\" >\n\t\t\t\t\n\t\t\t\t\n\t\t\t\t\n\t\t\t\t\n\t\t\t\t\n\t\t\t\t\n\t\t\t\t<div class=\"et_d4_element et_pb_row et_pb_row_0  et_pb_css_mix_blend_mode et_block_row\">\n\t\t\t\t<div class=\"et_d4_element et_pb_column_4_4 et_pb_column et_pb_column_0  et_pb_css_mix_blend_mode et-last-child et_block_column\">\n\t\t\t\t\n\t\t\t\t\n\t\t\t\t\n\t\t\t\t\n\t\t\t\t<div class=\"et_pb_module et_d4_element et_pb_text et_pb_text_0  et_pb_text_align_left et_pb_bg_layout_light\">\n\t\t\t\t\n\t\t\t\t\n\t\t\t\t\n\t\t\t\t\n\t\t\t\t<div class=\"et_pb_text_inner\"><h1>Mod\u00e8le et principes directeurs<\/h1>\n<p>&nbsp;<\/p><\/div>\n\t\t\t<\/div><div class=\"et_pb_module et_d4_element et_pb_text et_pb_text_1  et_pb_text_align_left et_pb_bg_layout_light\">\n\t\t\t\t\n\t\t\t\t\n\t\t\t\t\n\t\t\t\t\n\t\t\t\t<div class=\"et_pb_text_inner\"><p>Nous avons pour objectif d'\u00eatre un gestionnaire de fortune de premier plan, ind\u00e9pendant et ax\u00e9 sur la valeur, qui offre aux clients institutionnels et priv\u00e9s du monde entier des r\u00e9sultats de placement sup\u00e9rieurs \u00e0 la moyenne dans un environnement marqu\u00e9 par la performance et les valeurs humaines.<\/p>\n<ul>\n<li>Nous sommes enti\u00e8rement engag\u00e9s aux c\u00f4t\u00e9s de nos clients, qui sont toujours au centre de nos pr\u00e9occupations. Nous veillons \u00e0 ce que leurs int\u00e9r\u00eats et les n\u00f4tres concordent en permanence.<\/li>\n<li>Nous \u00e9vitons aussi syst\u00e9matiquement tout conflit d\u2019int\u00e9r\u00eats de nature financi\u00e8re, puisque les honoraires acquitt\u00e9s par les clients constituent notre unique source de revenus. Nous refusons toute transaction financi\u00e8re propos\u00e9e par des tiers.<\/li>\n<li>Nous sommes fiers de la qualit\u00e9 et du professionnalisme de notre travail. Notre qu\u00eate d\u2019excellence nous interdit tout compromis.<\/li>\n<li>L\u2019int\u00e9grit\u00e9 et l\u2019honn\u00eatet\u00e9 forment le noyau central de notre entreprise. Nos collaborateurs, le capital ainsi que notre r\u00e9putation constituent nos valeurs patrimoniales les plus pr\u00e9cieuses.<\/li>\n<li>Nous attendons de nos collaborateurs qu\u2019ils respectent syst\u00e9matiquement des principes \u00e9thiques rigoureux, tant dans leur travail au sein de notre soci\u00e9t\u00e9 que dans leur vie priv\u00e9e.<\/li>\n<li>Nos clients partagent r\u00e9guli\u00e8rement des informations confidentielles avec nous. Tout abus de confiance ou traitement inappropri\u00e9 de ces informations est absolument inenvisageable.<\/li>\n<li>Notre soci\u00e9t\u00e9 est enti\u00e8rement ind\u00e9pendante sur les plans juridique et financier et poursuit une strat\u00e9gie d'entreprise sur le long terme.<\/li>\n<li>La culture d\u2019entreprise qui est la n\u00f4tre est orient\u00e9e sur la performance.<\/li>\n<li>Nous ne nous laissons pas influencer par des tendances d\u2019investissement \u00e0 court terme, mais restons fid\u00e8les \u00e0 notre philosophie d\u2019investissement \u00e9prouv\u00e9e dans toutes les conditions de march\u00e9s.<\/li>\n<li>En tant que gestionnaire de fortune responsable g\u00e9r\u00e9 par son propri\u00e9taire et pla\u00e7ant l'accent sur le rendement \u00e0 long terme, nous nous sommes toujours efforc\u00e9s de faire preuve de prudence dans nos placements.<\/li>\n<li>Nous investissons directement dans des titres d\u2019entreprises que nous avons s\u00e9lectionn\u00e9es et \u00e9vitons les placements indirects dans des fonds et produits souvent sources de co\u00fbts cach\u00e9s importants et de risques suppl\u00e9mentaires consid\u00e9rables.<\/li>\n<\/ul><\/div>\n\t\t\t<\/div>\n\t\t\t<\/div>\n\t\t\t\t\n\t\t\t\t\n\t\t\t\t\n\t\t\t\t\n\t\t\t<\/div>\n\t\t\t\t\n\t\t\t\t\n\t\t\t<\/div><\/p>\n","protected":false},"excerpt":{"rendered":"","protected":false},"author":1,"featured_media":0,"parent":0,"menu_order":0,"comment_status":"closed","ping_status":"closed","template":"","meta":{"_et_pb_use_builder":"on","_et_pb_old_content":"","_et_gb_content_width":"","footnotes":""},"class_list":["post-438","page","type-page","status-publish","hentry"],"_links":{"self":[{"href":"https:\/\/www.abrias.ch\/fr\/wp-json\/wp\/v2\/pages\/438","targetHints":{"allow":["GET"]}}],"collection":[{"href":"https:\/\/www.abrias.ch\/fr\/wp-json\/wp\/v2\/pages"}],"about":[{"href":"https:\/\/www.abrias.ch\/fr\/wp-json\/wp\/v2\/types\/page"}],"author":[{"embeddable":true,"href":"https:\/\/www.abrias.ch\/fr\/wp-json\/wp\/v2\/users\/1"}],"replies":[{"embeddable":true,"href":"https:\/\/www.abrias.ch\/fr\/wp-json\/wp\/v2\/comments?post=438"}],"version-history":[{"count":5,"href":"https:\/\/www.abrias.ch\/fr\/wp-json\/wp\/v2\/pages\/438\/revisions"}],"predecessor-version":[{"id":715,"href":"https:\/\/www.abrias.ch\/fr\/wp-json\/wp\/v2\/pages\/438\/revisions\/715"}],"wp:attachment":[{"href":"https:\/\/www.abrias.ch\/fr\/wp-json\/wp\/v2\/media?parent=438"}],"curies":[{"name":"wp","href":"https:\/\/api.w.org\/{rel}","templated":true}]}}