{"id":435,"date":"2021-06-19T14:35:30","date_gmt":"2021-06-19T12:35:30","guid":{"rendered":"https:\/\/abrias.cyon.site\/conseil-dadministration-et-direction\/"},"modified":"2022-01-31T16:43:46","modified_gmt":"2022-01-31T15:43:46","slug":"conseil-dadministration-et-direction","status":"publish","type":"page","link":"https:\/\/www.abrias.ch\/fr\/conseil-dadministration-et-direction\/","title":{"rendered":"Conseil d\u2019administration et direction"},"content":{"rendered":"<p><div class=\"et_d4_element et_pb_section et_pb_section_0 ab-hero-image et_pb_with_background  et_pb_css_mix_blend_mode et_section_regular et_block_section\" >\n\t\t\t\t\n\t\t\t\t\n\t\t\t\t\n\t\t\t\t\n\t\t\t\t\n\t\t\t\t\n\t\t\t\t\n\t\t\t\t\n\t\t\t\t\n\t\t\t<\/div><div class=\"et_d4_element et_pb_section et_pb_section_1  et_pb_css_mix_blend_mode et_section_regular et_block_section\" >\n\t\t\t\t\n\t\t\t\t\n\t\t\t\t\n\t\t\t\t\n\t\t\t\t\n\t\t\t\t\n\t\t\t\t<div class=\"et_d4_element et_pb_row et_pb_row_0  et_pb_css_mix_blend_mode et_block_row\">\n\t\t\t\t<div class=\"et_d4_element et_pb_column_4_4 et_pb_column et_pb_column_0  et_pb_css_mix_blend_mode et-last-child et_block_column\">\n\t\t\t\t\n\t\t\t\t\n\t\t\t\t\n\t\t\t\t\n\t\t\t\t<div class=\"et_pb_module et_d4_element et_pb_text et_pb_text_0  et_pb_text_align_left et_pb_bg_layout_light\">\n\t\t\t\t\n\t\t\t\t\n\t\t\t\t\n\t\t\t\t\n\t\t\t\t<div class=\"et_pb_text_inner\"><h1>Conseil d\u2019administration et direction<\/h1>\n<p>&nbsp;<\/p><\/div>\n\t\t\t<\/div>\n\t\t\t<\/div>\n\t\t\t\t\n\t\t\t\t\n\t\t\t\t\n\t\t\t\t\n\t\t\t<\/div><div class=\"et_d4_element et_pb_row et_pb_row_1  et_pb_css_mix_blend_mode et_block_row\">\n\t\t\t\t<div class=\"et_d4_element et_pb_column_1_2 et_pb_column et_pb_column_1  et_pb_css_mix_blend_mode et_block_column\">\n\t\t\t\t\n\t\t\t\t\n\t\t\t\t\n\t\t\t\t\n\t\t\t\t<div class=\"et_pb_module et_d4_element et_pb_image et_pb_image_0\">\n\t\t\t\t\n\t\t\t\t\n\t\t\t\t\n\t\t\t\t\n\t\t\t\t<span class=\"et_pb_image_wrap \"><img loading=\"lazy\" decoding=\"async\" width=\"800\" height=\"800\" src=\"https:\/\/www.abrias.ch\/wp-content\/uploads\/adolf_bruendler_3_800x800.jpg\" alt=\"Adolf Br\u00fcndler\" title=\"Adolf Br\u00fcndler\" srcset=\"https:\/\/www.abrias.ch\/wp-content\/uploads\/adolf_bruendler_3_800x800.jpg 800w, https:\/\/www.abrias.ch\/wp-content\/uploads\/adolf_bruendler_3_800x800-480x480.jpg 480w\" sizes=\"(min-width: 0px) and (max-width: 480px) 480px, (min-width: 481px) 800px, 100vw\" class=\"wp-image-275\" \/><\/span>\n\t\t\t<\/div><div class=\"et_pb_module et_d4_element et_pb_text et_pb_text_1  et_pb_text_align_left et_pb_bg_layout_light\">\n\t\t\t\t\n\t\t\t\t\n\t\t\t\t\n\t\t\t\t\n\t\t\t\t<div class=\"et_pb_text_inner\"><h2>Adolf Br\u00fcndler<\/h2>\n<h3>Associ\u00e9 \u2013 Pr\u00e9sident &amp; Chief Investment Officer (CIO)<\/h3>\n<p>Investissements<\/p>\n<ul>\n<li>40 ans d\u2019exp\u00e9rience dans la gestion des investissements et la gestion de fortune<\/li>\n<li>Fondateur et associ\u00e9 d\u2019Abrias<\/li>\n<li>Managing Director Morgan Stanley (1990\u20132005), Co-Head Private Wealth Management Europe, CEO Bank Morgan Stanley SA<\/li>\n<li>Pr\u00e9sident du conseil d\u2019administration Morgan Stanley Capital International Inc. (MSCI Inc.) et India Investment SA<\/li>\n<li>Membre du conseil d\u2019administration Morgan Stanley SICAV (1993\u20132005)<\/li>\n<li>Executive Director Private Wealth Management Goldman Sachs (1984\u20131990)<\/li>\n<li>Expert-comptable Arthur Andersen SA (1979\u20131984)<\/li>\n<\/ul><\/div>\n\t\t\t<\/div>\n\t\t\t<\/div><div class=\"et_d4_element et_pb_column_1_2 et_pb_column et_pb_column_2  et_pb_css_mix_blend_mode et-last-child et_block_column\">\n\t\t\t\t\n\t\t\t\t\n\t\t\t\t\n\t\t\t\t\n\t\t\t\t<div class=\"et_pb_module et_d4_element et_pb_image et_pb_image_1\">\n\t\t\t\t\n\t\t\t\t\n\t\t\t\t\n\t\t\t\t\n\t\t\t\t<span class=\"et_pb_image_wrap \"><img loading=\"lazy\" decoding=\"async\" width=\"800\" height=\"800\" src=\"https:\/\/www.abrias.ch\/wp-content\/uploads\/peter_kaelin_800x800.jpg\" alt=\"Peter K\u00e4lin\" title=\"Peter K\u00e4lin\" srcset=\"https:\/\/www.abrias.ch\/wp-content\/uploads\/peter_kaelin_800x800.jpg 800w, https:\/\/www.abrias.ch\/wp-content\/uploads\/peter_kaelin_800x800-480x480.jpg 480w\" sizes=\"(min-width: 0px) and (max-width: 480px) 480px, (min-width: 481px) 800px, 100vw\" class=\"wp-image-269\" \/><\/span>\n\t\t\t<\/div><div class=\"et_pb_module et_d4_element et_pb_text et_pb_text_2  et_pb_text_align_left et_pb_bg_layout_light\">\n\t\t\t\t\n\t\t\t\t\n\t\t\t\t\n\t\t\t\t\n\t\t\t\t<div class=\"et_pb_text_inner\"><h2>Peter K\u00e4lin<\/h2>\n<h3>Associ\u00e9 \u2013 Membre &amp; Chief Operating Officer (COO)<\/h3>\n<p>Finances | Gestion des risques | Gouvernance d\u2019entreprise | Conformit\u00e9<\/p>\n<ul>\n<li>Expert-comptable dipl\u00f4m\u00e9; agent fiduciaire avec brevet f\u00e9d\u00e9ral<\/li>\n<li>40 ans d'exp\u00e9rience dans le secteur bancaire et financier. Connaissance approfondie des risques inh\u00e9rents \u00e0 l'entreprise, aux produits et aux processus, des pratiques de surveillance et de contr\u00f4le correspondantes<\/li>\n<li>Associ\u00e9 et COO d\u2019Abrias (depuis 2007)<\/li>\n<li>Membre du Executive Board et Credit Committee, Director Internal Audit &amp; Risk Management de Compagnie Financi\u00e8re Tradition SA (2004\u20132007)<\/li>\n<li>Pr\u00e9sident du conseil d\u2019administration et Managing Director chez EFG Audit &amp; Consulting Services SA et Head Group Internal Audit chez EFG European Financial Group SA (1998\u20132004)<\/li>\n<li>Managing Director, membre du Corporate Audit Executive Committee et Head International Audit Group Private Banking de Soci\u00e9t\u00e9 de Banque Suisse, aujourd\u2019hui UBS (1992\u20131998)<\/li>\n<li>Autres postes: Bank Morgan Stanley AG (1991\u20131992), <br \/>Dai-Ichi Kangyo Bank (1988-1990), Arthur Andersen (1985\u20131988), Price Waterhouse, aujourd'hui PWC (1981\u20131984)<\/li>\n<\/ul><\/div>\n\t\t\t<\/div>\n\t\t\t<\/div>\n\t\t\t\t\n\t\t\t\t\n\t\t\t\t\n\t\t\t\t\n\t\t\t<\/div>\n\t\t\t\t\n\t\t\t\t\n\t\t\t<\/div><\/p>\n","protected":false},"excerpt":{"rendered":"","protected":false},"author":1,"featured_media":0,"parent":0,"menu_order":0,"comment_status":"closed","ping_status":"closed","template":"","meta":{"_et_pb_use_builder":"on","_et_pb_old_content":"","_et_gb_content_width":"","footnotes":""},"class_list":["post-435","page","type-page","status-publish","hentry"],"_links":{"self":[{"href":"https:\/\/www.abrias.ch\/fr\/wp-json\/wp\/v2\/pages\/435","targetHints":{"allow":["GET"]}}],"collection":[{"href":"https:\/\/www.abrias.ch\/fr\/wp-json\/wp\/v2\/pages"}],"about":[{"href":"https:\/\/www.abrias.ch\/fr\/wp-json\/wp\/v2\/types\/page"}],"author":[{"embeddable":true,"href":"https:\/\/www.abrias.ch\/fr\/wp-json\/wp\/v2\/users\/1"}],"replies":[{"embeddable":true,"href":"https:\/\/www.abrias.ch\/fr\/wp-json\/wp\/v2\/comments?post=435"}],"version-history":[{"count":6,"href":"https:\/\/www.abrias.ch\/fr\/wp-json\/wp\/v2\/pages\/435\/revisions"}],"predecessor-version":[{"id":661,"href":"https:\/\/www.abrias.ch\/fr\/wp-json\/wp\/v2\/pages\/435\/revisions\/661"}],"wp:attachment":[{"href":"https:\/\/www.abrias.ch\/fr\/wp-json\/wp\/v2\/media?parent=435"}],"curies":[{"name":"wp","href":"https:\/\/api.w.org\/{rel}","templated":true}]}}