{"id":429,"date":"2021-06-19T14:28:15","date_gmt":"2021-06-19T12:28:15","guid":{"rendered":"https:\/\/abrias.cyon.site\/notre-histoire\/"},"modified":"2021-06-19T14:28:16","modified_gmt":"2021-06-19T12:28:16","slug":"notre-histoire","status":"publish","type":"page","link":"https:\/\/www.abrias.ch\/fr\/notre-histoire\/","title":{"rendered":"Notre histoire"},"content":{"rendered":"<p><div class=\"et_d4_element et_pb_section et_pb_section_0 ab-hero-image et_pb_with_background  et_pb_css_mix_blend_mode et_section_regular et_block_section\" >\n\t\t\t\t\n\t\t\t\t\n\t\t\t\t\n\t\t\t\t\n\t\t\t\t\n\t\t\t\t\n\t\t\t\t\n\t\t\t\t\n\t\t\t\t\n\t\t\t<\/div><div class=\"et_d4_element et_pb_section et_pb_section_1  et_pb_css_mix_blend_mode et_section_regular et_block_section\" >\n\t\t\t\t\n\t\t\t\t\n\t\t\t\t\n\t\t\t\t\n\t\t\t\t\n\t\t\t\t\n\t\t\t\t<div class=\"et_d4_element et_pb_row et_pb_row_0  et_pb_css_mix_blend_mode et_block_row\">\n\t\t\t\t<div class=\"et_d4_element et_pb_column_4_4 et_pb_column et_pb_column_0  et_pb_css_mix_blend_mode et-last-child et_block_column\">\n\t\t\t\t\n\t\t\t\t\n\t\t\t\t\n\t\t\t\t\n\t\t\t\t<div class=\"et_pb_module et_d4_element et_pb_text et_pb_text_0  et_pb_text_align_left et_pb_bg_layout_light\">\n\t\t\t\t\n\t\t\t\t\n\t\t\t\t\n\t\t\t\t\n\t\t\t\t<div class=\"et_pb_text_inner\"><h1>Notre histoire<\/h1><\/div>\n\t\t\t<\/div><div class=\"et_pb_module et_d4_element et_pb_text et_pb_text_1  et_pb_text_align_left et_pb_bg_layout_light\">\n\t\t\t\t\n\t\t\t\t\n\t\t\t\t\n\t\t\t\t\n\t\t\t\t<div class=\"et_pb_text_inner\"><p>Apr\u00e8s avoir travaill\u00e9 avec succ\u00e8s pendant de nombreuses ann\u00e9es chez Goldman Sachs &amp; Co et Morgan Stanley, Adolf Br\u00fcndler d\u00e9cida d\u00e9but 2006 de se lancer dans l\u2019entreprenariat en cr\u00e9ant Abrias, sa soci\u00e9t\u00e9 de gestion de fortune ind\u00e9pendante suisse.<\/p>\n<p>D\u2019autres sp\u00e9cialistes exp\u00e9riment\u00e9s et comp\u00e9tents issus du m\u00eame environnement professionnel ont ensuite rejoint Abrias.<\/p>\n<p>Aujourd\u2019hui, l'entreprise emploie plusieurs collaborateurs.<\/p><\/div>\n\t\t\t<\/div>\n\t\t\t<\/div>\n\t\t\t\t\n\t\t\t\t\n\t\t\t\t\n\t\t\t\t\n\t\t\t<\/div>\n\t\t\t\t\n\t\t\t\t\n\t\t\t<\/div><\/p>\n","protected":false},"excerpt":{"rendered":"","protected":false},"author":1,"featured_media":0,"parent":0,"menu_order":0,"comment_status":"closed","ping_status":"closed","template":"","meta":{"_et_pb_use_builder":"on","_et_pb_old_content":"","_et_gb_content_width":"","footnotes":""},"class_list":["post-429","page","type-page","status-publish","hentry"],"_links":{"self":[{"href":"https:\/\/www.abrias.ch\/fr\/wp-json\/wp\/v2\/pages\/429","targetHints":{"allow":["GET"]}}],"collection":[{"href":"https:\/\/www.abrias.ch\/fr\/wp-json\/wp\/v2\/pages"}],"about":[{"href":"https:\/\/www.abrias.ch\/fr\/wp-json\/wp\/v2\/types\/page"}],"author":[{"embeddable":true,"href":"https:\/\/www.abrias.ch\/fr\/wp-json\/wp\/v2\/users\/1"}],"replies":[{"embeddable":true,"href":"https:\/\/www.abrias.ch\/fr\/wp-json\/wp\/v2\/comments?post=429"}],"version-history":[{"count":2,"href":"https:\/\/www.abrias.ch\/fr\/wp-json\/wp\/v2\/pages\/429\/revisions"}],"predecessor-version":[{"id":431,"href":"https:\/\/www.abrias.ch\/fr\/wp-json\/wp\/v2\/pages\/429\/revisions\/431"}],"wp:attachment":[{"href":"https:\/\/www.abrias.ch\/fr\/wp-json\/wp\/v2\/media?parent=429"}],"curies":[{"name":"wp","href":"https:\/\/api.w.org\/{rel}","templated":true}]}}