{"id":426,"date":"2021-06-19T14:25:01","date_gmt":"2021-06-19T12:25:01","guid":{"rendered":"https:\/\/abrias.cyon.site\/bienvenue\/"},"modified":"2026-03-06T13:47:53","modified_gmt":"2026-03-06T12:47:53","slug":"bienvenue","status":"publish","type":"page","link":"https:\/\/www.abrias.ch\/fr\/","title":{"rendered":"Bienvenue"},"content":{"rendered":"<div class=\"et_pb_section_0 et_pb_section et_section_regular et_block_section ab-hero-image\"><\/div>\n\n<div class=\"et_pb_section_1 et_pb_section et_section_regular et_block_section\">\n<div class=\"et_pb_row_0 et_pb_row et_block_row\">\n<div class=\"et_pb_column_0 et_pb_column et_pb_column_4_4 et-last-child et_block_column et_pb_css_mix_blend_mode_passthrough\">\n<div class=\"et_pb_text_0 et_pb_text et_pb_bg_layout_light et_pb_module et_block_module\"><div class=\"et_pb_text_inner\"><h1>Bienvenue chez Abrias<\/h1>\n<\/div><\/div>\n<\/div>\n<\/div>\n\n<div class=\"et_pb_row_1 et_pb_row et_block_row\">\n<div class=\"et_pb_column_1 et_pb_column et_pb_column_4_4 et-last-child et_block_column et_pb_css_mix_blend_mode_passthrough\">\n<div class=\"et_pb_text_1 et_pb_text et_pb_bg_layout_light et_pb_module et_block_module\"><div class=\"et_pb_text_inner\"><p>Abrias est un gestionnaire de fortune suisse ind\u00e9pendant dot\u00e9 d\u2019une expertise reconnue dans le domaine de la gestion active de mandats individuels et institutionnels. Notre client\u00e8le est compos\u00e9e de clients priv\u00e9s suisses et \u00e9trangers, de family offices et d\u2019investisseurs institutionnels.<\/p>\n<p>L'expertise et les longues ann\u00e9es d\u2019exp\u00e9rience des partenaires et collaborateurs sont les garants de services professionnels et orient\u00e9s clients.<\/p>\n<p>Ind\u00e9pendance, expertise, excellence et int\u00e9grit\u00e9 sont les piliers de notre philosophie d\u2019entreprise. Nous nous engageons exclusivement envers nos clients et pouvons ainsi, en tant qu\u2019entreprise ind\u00e9pendante, agir constamment dans votre seul int\u00e9r\u00eat, libres de tout conflit d\u2019int\u00e9r\u00eats.<\/p>\n<p>Abrias Investment Management AG est un gestionnaire de fortune autoris\u00e9 par l'Autorit\u00e9 f\u00e9d\u00e9rale de surveillance des march\u00e9s financiers FINMA et surveill\u00e9 par l'organisation de surveillance OSFINcontrol Suisse AG.<\/p>\n<\/div><\/div>\n<\/div>\n<\/div>\n<\/div>","protected":false},"excerpt":{"rendered":"","protected":false},"author":1,"featured_media":0,"parent":0,"menu_order":0,"comment_status":"closed","ping_status":"closed","template":"","meta":{"footnotes":""},"class_list":["post-426","page","type-page","status-publish","hentry"],"_links":{"self":[{"href":"https:\/\/www.abrias.ch\/fr\/wp-json\/wp\/v2\/pages\/426","targetHints":{"allow":["GET"]}}],"collection":[{"href":"https:\/\/www.abrias.ch\/fr\/wp-json\/wp\/v2\/pages"}],"about":[{"href":"https:\/\/www.abrias.ch\/fr\/wp-json\/wp\/v2\/types\/page"}],"author":[{"embeddable":true,"href":"https:\/\/www.abrias.ch\/fr\/wp-json\/wp\/v2\/users\/1"}],"replies":[{"embeddable":true,"href":"https:\/\/www.abrias.ch\/fr\/wp-json\/wp\/v2\/comments?post=426"}],"version-history":[{"count":5,"href":"https:\/\/www.abrias.ch\/fr\/wp-json\/wp\/v2\/pages\/426\/revisions"}],"predecessor-version":[{"id":12641,"href":"https:\/\/www.abrias.ch\/fr\/wp-json\/wp\/v2\/pages\/426\/revisions\/12641"}],"wp:attachment":[{"href":"https:\/\/www.abrias.ch\/fr\/wp-json\/wp\/v2\/media?parent=426"}],"curies":[{"name":"wp","href":"https:\/\/api.w.org\/{rel}","templated":true}]}}