{"id":87,"date":"2021-04-29T20:47:16","date_gmt":"2021-04-29T18:47:16","guid":{"rendered":"https:\/\/abrias.cyon.site\/?page_id=87"},"modified":"2024-01-20T11:30:11","modified_gmt":"2024-01-20T10:30:11","slug":"leitbild-und-grundsaetze","status":"publish","type":"page","link":"https:\/\/www.abrias.ch\/de\/ueber-abrias\/leitbild-und-grundsaetze\/","title":{"rendered":"Leitbild und Grunds\u00e4tze"},"content":{"rendered":"<p><div class=\"et_d4_element et_pb_section et_pb_section_1 ab-hero-image et_pb_with_background  et_pb_css_mix_blend_mode et_section_regular et_block_section\" >\n\t\t\t\t\n\t\t\t\t\n\t\t\t\t\n\t\t\t\t\n\t\t\t\t\n\t\t\t\t\n\t\t\t\t\n\t\t\t\t\n\t\t\t\t\n\t\t\t<\/div><div class=\"et_d4_element et_pb_section et_pb_section_2  et_pb_css_mix_blend_mode et_section_regular et_block_section\" >\n\t\t\t\t\n\t\t\t\t\n\t\t\t\t\n\t\t\t\t\n\t\t\t\t\n\t\t\t\t\n\t\t\t\t<div class=\"et_d4_element et_pb_row et_pb_row_0  et_pb_css_mix_blend_mode et_block_row\">\n\t\t\t\t<div class=\"et_d4_element et_pb_column_4_4 et_pb_column et_pb_column_0  et_pb_css_mix_blend_mode et-last-child et_block_column\">\n\t\t\t\t\n\t\t\t\t\n\t\t\t\t\n\t\t\t\t\n\t\t\t\t<div class=\"et_pb_module et_d4_element et_pb_text et_pb_text_0  et_pb_text_align_left et_pb_bg_layout_light\">\n\t\t\t\t\n\t\t\t\t\n\t\t\t\t\n\t\t\t\t\n\t\t\t\t<div class=\"et_pb_text_inner\"><h1>Leitbild und Grunds\u00e4tze<\/h1>\n<p>&nbsp;<\/p><\/div>\n\t\t\t<\/div><div class=\"et_pb_module et_d4_element et_pb_text et_pb_text_1  et_pb_text_align_left et_pb_bg_layout_light\">\n\t\t\t\t\n\t\t\t\t\n\t\t\t\t\n\t\t\t\t\n\t\t\t\t<div class=\"et_pb_text_inner\"><p>Es ist unser Bestreben, eine f\u00fchrende, unabh\u00e4ngige und wertorientierte Verm\u00f6gensverwalterin zu sein, die in einem von Leistung und menschlichen Werten gepr\u00e4gten Umfeld, institutionellen wie privaten Kunden auf der ganzen Welt, \u00fcberdurchschnittliche Anlageresultate bietet.<\/p>\n<ul>\n<li>Wir engagieren uns f\u00fcr unsere Kunden, die immer an erster Stelle stehen. Wir stimmen unsere Interessen jederzeit auf die unserer Kunden ab.<\/li>\n<li>Wir vermeiden auch konsequent alle Interessenkonflikte finanzieller Natur, indem unsere alleinigen Einnahmen ausschliesslich aus den Honoraren unserer Kunden bestehen. Wir lehnen jegliche geldwertige Leistungen von Dritten ab.<\/li>\n<li>Wir sind stolz auf die professionelle Qualit\u00e4t unserer Arbeit. In unserem Streben nach Exzellenz lassen wir uns nicht auf Kompromisse ein.<\/li>\n<li>Integrit\u00e4t und Ehrlichkeit bilden den Kern unserer Firma. Unsere Mitarbeitende, das Kapital und unsere Reputation sind unsere bedeutendsten Verm\u00f6genswerte.<\/li>\n<li>Wir erwarten von unseren Mitarbeitenden, dass sie stets hohe ethische Massst\u00e4be einhalten, sowohl in Ihrer Arbeit f\u00fcr die Firma als auch in ihrem Privatleben.<\/li>\n<li>Unsere Kunden wenden sich regelm\u00e4ssig mit vertraulichen Informationen an uns. Ein Vertrauensbruch oder der unsachgem\u00e4sse Umgang mit solchen Informationen ist f\u00fcr uns undenkbar.<\/li>\n<li>Unsere Firma ist rechtlich und finanziell absolut unabh\u00e4ngig und verfolgt eine langfristige Unternehmensstrategie.<\/li>\n<li>Wir pflegen eine leistungsorientierte Unternehmenskultur.<\/li>\n<li>Wir reagieren nicht auf kurzlebige Investmenttrends und halten uns an unsere bew\u00e4hrte Investmentphilosophie in allen Marktlagen.<\/li>\n<li>Als verantwortungsbewusste und eigent\u00fcmergef\u00fchrte Verm\u00f6gensverwalterin mit Fokus auf den langfristigen Anlageerfolg sind wir seit jeher bedacht, umsichtig anzulegen.<\/li>\n<li>Wir investieren direkt in Wertpapiere der von uns ausgew\u00e4hlten Unternehmen und vermeiden indirekte Anlagen in Fonds und Produkte mit oft erheblichen versteckten Kosten und betr\u00e4chtlichen zus\u00e4tzlichen Risiken.<\/li>\n<\/ul><\/div>\n\t\t\t<\/div>\n\t\t\t<\/div>\n\t\t\t\t\n\t\t\t\t\n\t\t\t\t\n\t\t\t\t\n\t\t\t<\/div>\n\t\t\t\t\n\t\t\t\t\n\t\t\t<\/div><\/p>\n","protected":false},"excerpt":{"rendered":"","protected":false},"author":1,"featured_media":0,"parent":66,"menu_order":0,"comment_status":"closed","ping_status":"closed","template":"","meta":{"_et_pb_use_builder":"on","_et_pb_old_content":"","_et_gb_content_width":"","footnotes":""},"class_list":["post-87","page","type-page","status-publish","hentry"],"_links":{"self":[{"href":"https:\/\/www.abrias.ch\/de\/wp-json\/wp\/v2\/pages\/87","targetHints":{"allow":["GET"]}}],"collection":[{"href":"https:\/\/www.abrias.ch\/de\/wp-json\/wp\/v2\/pages"}],"about":[{"href":"https:\/\/www.abrias.ch\/de\/wp-json\/wp\/v2\/types\/page"}],"author":[{"embeddable":true,"href":"https:\/\/www.abrias.ch\/de\/wp-json\/wp\/v2\/users\/1"}],"replies":[{"embeddable":true,"href":"https:\/\/www.abrias.ch\/de\/wp-json\/wp\/v2\/comments?post=87"}],"version-history":[{"count":7,"href":"https:\/\/www.abrias.ch\/de\/wp-json\/wp\/v2\/pages\/87\/revisions"}],"predecessor-version":[{"id":710,"href":"https:\/\/www.abrias.ch\/de\/wp-json\/wp\/v2\/pages\/87\/revisions\/710"}],"up":[{"embeddable":true,"href":"https:\/\/www.abrias.ch\/de\/wp-json\/wp\/v2\/pages\/66"}],"wp:attachment":[{"href":"https:\/\/www.abrias.ch\/de\/wp-json\/wp\/v2\/media?parent=87"}],"curies":[{"name":"wp","href":"https:\/\/api.w.org\/{rel}","templated":true}]}}