{"id":82,"date":"2021-04-29T20:41:12","date_gmt":"2021-04-29T18:41:12","guid":{"rendered":"https:\/\/abrias.cyon.site\/?page_id=82"},"modified":"2022-01-31T15:41:36","modified_gmt":"2022-01-31T14:41:36","slug":"verwaltungsrat-und-geschaeftsleitung","status":"publish","type":"page","link":"https:\/\/www.abrias.ch\/de\/ueber-abrias\/verwaltungsrat-und-geschaeftsleitung\/","title":{"rendered":"Verwaltungsrat und Gesch\u00e4ftsleitung"},"content":{"rendered":"<p><div class=\"et_d4_element et_pb_section et_pb_section_1 ab-hero-image et_pb_with_background  et_pb_css_mix_blend_mode et_section_regular et_block_section\" >\n\t\t\t\t\n\t\t\t\t\n\t\t\t\t\n\t\t\t\t\n\t\t\t\t\n\t\t\t\t\n\t\t\t\t\n\t\t\t\t\n\t\t\t\t\n\t\t\t<\/div><div class=\"et_d4_element et_pb_section et_pb_section_2  et_pb_css_mix_blend_mode et_section_regular et_block_section\" >\n\t\t\t\t\n\t\t\t\t\n\t\t\t\t\n\t\t\t\t\n\t\t\t\t\n\t\t\t\t\n\t\t\t\t<div class=\"et_d4_element et_pb_row et_pb_row_0  et_pb_css_mix_blend_mode et_block_row\">\n\t\t\t\t<div class=\"et_d4_element et_pb_column_4_4 et_pb_column et_pb_column_0  et_pb_css_mix_blend_mode et-last-child et_block_column\">\n\t\t\t\t\n\t\t\t\t\n\t\t\t\t\n\t\t\t\t\n\t\t\t\t<div class=\"et_pb_module et_d4_element et_pb_text et_pb_text_0  et_pb_text_align_left et_pb_bg_layout_light\">\n\t\t\t\t\n\t\t\t\t\n\t\t\t\t\n\t\t\t\t\n\t\t\t\t<div class=\"et_pb_text_inner\"><h1>Verwaltungsrat und Gesch\u00e4ftsleitung<\/h1>\n<p>&nbsp;<\/p><\/div>\n\t\t\t<\/div>\n\t\t\t<\/div>\n\t\t\t\t\n\t\t\t\t\n\t\t\t\t\n\t\t\t\t\n\t\t\t<\/div><div class=\"et_d4_element et_pb_row et_pb_row_1  et_pb_css_mix_blend_mode et_block_row\">\n\t\t\t\t<div class=\"et_d4_element et_pb_column_1_2 et_pb_column et_pb_column_1  et_pb_css_mix_blend_mode et_block_column\">\n\t\t\t\t\n\t\t\t\t\n\t\t\t\t\n\t\t\t\t\n\t\t\t\t<div class=\"et_pb_module et_d4_element et_pb_image et_pb_image_0\">\n\t\t\t\t\n\t\t\t\t\n\t\t\t\t\n\t\t\t\t\n\t\t\t\t<span class=\"et_pb_image_wrap \"><img loading=\"lazy\" decoding=\"async\" width=\"800\" height=\"800\" src=\"https:\/\/www.abrias.ch\/wp-content\/uploads\/adolf_bruendler_3_800x800.jpg\" alt=\"Adolf Br\u00fcndler\" title=\"Adolf Br\u00fcndler\" srcset=\"https:\/\/www.abrias.ch\/wp-content\/uploads\/adolf_bruendler_3_800x800.jpg 800w, https:\/\/www.abrias.ch\/wp-content\/uploads\/adolf_bruendler_3_800x800-480x480.jpg 480w\" sizes=\"(min-width: 0px) and (max-width: 480px) 480px, (min-width: 481px) 800px, 100vw\" class=\"wp-image-275\" \/><\/span>\n\t\t\t<\/div><div class=\"et_pb_module et_d4_element et_pb_text et_pb_text_1  et_pb_text_align_left et_pb_bg_layout_light\">\n\t\t\t\t\n\t\t\t\t\n\t\t\t\t\n\t\t\t\t\n\t\t\t\t<div class=\"et_pb_text_inner\"><h2>Adolf Br\u00fcndler<\/h2>\n<h3>Partner - Pr\u00e4sident &amp; Chief Investment Officer (CIO)<\/h3>\n<p>Investments<\/p>\n<ul>\n<li>40 Jahre Erfahrung im Investment Management und Private Wealth Management<\/li>\n<li>Gr\u00fcnder und Partner der Abrias<\/li>\n<li>Managing Director Morgan Stanley (1990-2005), Co-Head Private Wealth Management Europe, CEO Bank Morgan Stanley AG<\/li>\n<li>VR-Pr\u00e4sident Morgan Stanley Capital International Inc. (MSCI Inc.) und India Investment AG<\/li>\n<li>VR-Mitglied Morgan Stanley SICAV (1993-2005)<\/li>\n<li>Executive Director Private Wealth Management Goldman Sachs (1984-1990)<\/li>\n<li>Wirtschaftspr\u00fcfer Arthur Andersen AG (1979-1984)<\/li>\n<\/ul><\/div>\n\t\t\t<\/div>\n\t\t\t<\/div><div class=\"et_d4_element et_pb_column_1_2 et_pb_column et_pb_column_2  et_pb_css_mix_blend_mode et-last-child et_block_column\">\n\t\t\t\t\n\t\t\t\t\n\t\t\t\t\n\t\t\t\t\n\t\t\t\t<div class=\"et_pb_module et_d4_element et_pb_image et_pb_image_1\">\n\t\t\t\t\n\t\t\t\t\n\t\t\t\t\n\t\t\t\t\n\t\t\t\t<span class=\"et_pb_image_wrap \"><img loading=\"lazy\" decoding=\"async\" width=\"800\" height=\"800\" src=\"https:\/\/www.abrias.ch\/wp-content\/uploads\/peter_kaelin_800x800.jpg\" alt=\"Peter K\u00e4lin\" title=\"Peter K\u00e4lin\" srcset=\"https:\/\/www.abrias.ch\/wp-content\/uploads\/peter_kaelin_800x800.jpg 800w, https:\/\/www.abrias.ch\/wp-content\/uploads\/peter_kaelin_800x800-480x480.jpg 480w\" sizes=\"(min-width: 0px) and (max-width: 480px) 480px, (min-width: 481px) 800px, 100vw\" class=\"wp-image-269\" \/><\/span>\n\t\t\t<\/div><div class=\"et_pb_module et_d4_element et_pb_text et_pb_text_2  et_pb_text_align_left et_pb_bg_layout_light\">\n\t\t\t\t\n\t\t\t\t\n\t\t\t\t\n\t\t\t\t\n\t\t\t\t<div class=\"et_pb_text_inner\"><h2>Peter K\u00e4lin<\/h2>\n<h3>Partner \u2013 Mitglied &amp; Chief Operating Officer (COO)<\/h3>\n<p>Finance | Risk Management | Corporate Governance | Compliance<\/p>\n<ul>\n<li>Dipl. Wirtschaftspr\u00fcfer; Treuh\u00e4nder mit eidg. Fachausweis<\/li>\n<li>40 Jahre Erfahrung im Banken- und Finanzbereich. Umfassende Kenntnisse der inh\u00e4renten Gesch\u00e4fts-, Produkte- und Ablaufrisiken und der entsprechenden \u00dcberwachungs- und Kontrollpraktiken<\/li>\n<li>Partner und COO der Abrias (seit 2007)<\/li>\n<li>Mitglied des Executive Boards und des Credit Committees, Director Internal Audit &amp; Risk Management bei der Compagnie Financi\u00e8re Tradition SA (2004-2007)<\/li>\n<li>Verwaltungsratspr\u00e4sident und Managing Director der EFG Audit &amp; Consulting Services SA und Head of Group Internal Audit der EFG European Financial Group SA (1998-2004)<\/li>\n<li>Managing Director, Mitglied des Corporate Audit Executive Committees und Leiter der Internationalen Revisionsgruppe Private Banking des Schweizerischen Bankvereins, heute UBS (1992-1998)<\/li>\n<li>Weitere Stationen: Bank Morgan Stanley AG (1991-1992), Dai-Ichi Kangyo Bank (1988-1990), Arthur Andersen (1985-1988), Price Waterhouse, heute PWC (1981-1984)<\/li>\n<\/ul><\/div>\n\t\t\t<\/div>\n\t\t\t<\/div>\n\t\t\t\t\n\t\t\t\t\n\t\t\t\t\n\t\t\t\t\n\t\t\t<\/div>\n\t\t\t\t\n\t\t\t\t\n\t\t\t<\/div><\/p>\n","protected":false},"excerpt":{"rendered":"","protected":false},"author":1,"featured_media":0,"parent":66,"menu_order":0,"comment_status":"closed","ping_status":"closed","template":"","meta":{"_et_pb_use_builder":"on","_et_pb_old_content":"","_et_gb_content_width":"","footnotes":""},"class_list":["post-82","page","type-page","status-publish","hentry"],"_links":{"self":[{"href":"https:\/\/www.abrias.ch\/de\/wp-json\/wp\/v2\/pages\/82","targetHints":{"allow":["GET"]}}],"collection":[{"href":"https:\/\/www.abrias.ch\/de\/wp-json\/wp\/v2\/pages"}],"about":[{"href":"https:\/\/www.abrias.ch\/de\/wp-json\/wp\/v2\/types\/page"}],"author":[{"embeddable":true,"href":"https:\/\/www.abrias.ch\/de\/wp-json\/wp\/v2\/users\/1"}],"replies":[{"embeddable":true,"href":"https:\/\/www.abrias.ch\/de\/wp-json\/wp\/v2\/comments?post=82"}],"version-history":[{"count":7,"href":"https:\/\/www.abrias.ch\/de\/wp-json\/wp\/v2\/pages\/82\/revisions"}],"predecessor-version":[{"id":657,"href":"https:\/\/www.abrias.ch\/de\/wp-json\/wp\/v2\/pages\/82\/revisions\/657"}],"up":[{"embeddable":true,"href":"https:\/\/www.abrias.ch\/de\/wp-json\/wp\/v2\/pages\/66"}],"wp:attachment":[{"href":"https:\/\/www.abrias.ch\/de\/wp-json\/wp\/v2\/media?parent=82"}],"curies":[{"name":"wp","href":"https:\/\/api.w.org\/{rel}","templated":true}]}}