{"id":50,"date":"2021-04-29T19:05:07","date_gmt":"2021-04-29T17:05:07","guid":{"rendered":"https:\/\/abrias.cyon.site\/?page_id=50"},"modified":"2021-05-08T11:32:17","modified_gmt":"2021-05-08T09:32:17","slug":"honorare-und-gebuehren","status":"publish","type":"page","link":"https:\/\/www.abrias.ch\/de\/investment-management\/honorare-und-gebuehren\/","title":{"rendered":"Honorare und Geb\u00fchren"},"content":{"rendered":"<p><div class=\"et_d4_element et_pb_section et_pb_section_1 ab-hero-image et_pb_with_background  et_pb_css_mix_blend_mode et_section_regular et_block_section\" >\n\t\t\t\t\n\t\t\t\t\n\t\t\t\t\n\t\t\t\t\n\t\t\t\t\n\t\t\t\t\n\t\t\t\t\n\t\t\t\t\n\t\t\t\t\n\t\t\t<\/div><div class=\"et_d4_element et_pb_section et_pb_section_2  et_pb_css_mix_blend_mode et_section_regular et_block_section\" >\n\t\t\t\t\n\t\t\t\t\n\t\t\t\t\n\t\t\t\t\n\t\t\t\t\n\t\t\t\t\n\t\t\t\t<div class=\"et_d4_element et_pb_row et_pb_row_0  et_pb_css_mix_blend_mode et_block_row\">\n\t\t\t\t<div class=\"et_d4_element et_pb_column_4_4 et_pb_column et_pb_column_0  et_pb_css_mix_blend_mode et-last-child et_block_column\">\n\t\t\t\t\n\t\t\t\t\n\t\t\t\t\n\t\t\t\t\n\t\t\t\t<div class=\"et_pb_module et_d4_element et_pb_text et_pb_text_0  et_pb_text_align_left et_pb_bg_layout_light\">\n\t\t\t\t\n\t\t\t\t\n\t\t\t\t\n\t\t\t\t\n\t\t\t\t<div class=\"et_pb_text_inner\"><h1>Honorare und Geb\u00fchren<\/h1><\/div>\n\t\t\t<\/div><div class=\"et_pb_module et_d4_element et_pb_text et_pb_text_1  et_pb_text_align_left et_pb_bg_layout_light\">\n\t\t\t\t\n\t\t\t\t\n\t\t\t\t\n\t\t\t\t\n\t\t\t\t<div class=\"et_pb_text_inner\"><p>Die von den Kunden entrichteten Honorare sind die einzige Einnahmequelle von Abrias. Damit sind die Voraussetzungen zur Vermeidung jeglicher Interessenkonflikte geschaffen. Wir handeln im ausschliesslichen Interesse des Kunden. Zudem ist die Zusammensetzung der Honorare einfach und transparent, da es sich um alles-inklusive Entsch\u00e4digungen handelt, d.h. um einen degressiven Prozentsatz der uns anvertrauten Verm\u00f6genswerte, allenfalls erg\u00e4nzt um ein Erfolgshonorar.<\/p>\n<p>Die Depotbanken werden ebenfalls mit einer alles-inklusive Geb\u00fchr entsch\u00e4digt, ebenso als degressiver Prozentsatz der Verm\u00f6genswerte. Dabei inbegriffen sind z.B. alle Transaktionskosten beim Kauf und Verkauf von Wertschriften, alle Dividenden- und Coupon-Inkassogeb\u00fchren, die Aufbewahrung der Wertschriften im In- und Ausland, etc.<br \/>Devisentransaktionen jeder Gr\u00f6ssenordnung werden zu institutionellen Konditionen von 0.05% des Transaktionsvolumens ausgef\u00fchrt.<\/p>\n<p>Zur Illustration bestehen z.B. bei einem Aktienmandat in der Gr\u00f6ssenordnung von CHF 10 Millionen folgende M\u00f6glichkeiten:<\/p>\n<ol>\n<li>Ein fixes Honorar von einem Prozentsatz der Verm\u00f6genswerte.<\/li>\n<li>Ein reduziertes fixes Honorar von einem Prozentsatz der Verm\u00f6genswerte, zus\u00e4tzlich einem Erfolgshonorar von einem Prozentsatz der Nettoperformance (mit High Watermark) \u00fcber der risikofreien Rendite.<\/li>\n<li>Kein fixes Honorar, sondern lediglich ein Erfolgshonorar von 20% der Nettoperformance (mit High Watermark) \u00fcber der risikofreien Rendite.<\/li>\n<\/ol>\n<p>Die alles-inklusive Depotgeb\u00fchr betr\u00e4gt f\u00fcr all diese Varianten 0.20% p.a. der Verm\u00f6genswerte.<\/p><\/div>\n\t\t\t<\/div>\n\t\t\t<\/div>\n\t\t\t\t\n\t\t\t\t\n\t\t\t\t\n\t\t\t\t\n\t\t\t<\/div>\n\t\t\t\t\n\t\t\t\t\n\t\t\t<\/div><\/p>\n","protected":false},"excerpt":{"rendered":"","protected":false},"author":1,"featured_media":0,"parent":56,"menu_order":0,"comment_status":"closed","ping_status":"closed","template":"","meta":{"_et_pb_use_builder":"on","_et_pb_old_content":"","_et_gb_content_width":"","footnotes":""},"class_list":["post-50","page","type-page","status-publish","hentry"],"_links":{"self":[{"href":"https:\/\/www.abrias.ch\/de\/wp-json\/wp\/v2\/pages\/50","targetHints":{"allow":["GET"]}}],"collection":[{"href":"https:\/\/www.abrias.ch\/de\/wp-json\/wp\/v2\/pages"}],"about":[{"href":"https:\/\/www.abrias.ch\/de\/wp-json\/wp\/v2\/types\/page"}],"author":[{"embeddable":true,"href":"https:\/\/www.abrias.ch\/de\/wp-json\/wp\/v2\/users\/1"}],"replies":[{"embeddable":true,"href":"https:\/\/www.abrias.ch\/de\/wp-json\/wp\/v2\/comments?post=50"}],"version-history":[{"count":4,"href":"https:\/\/www.abrias.ch\/de\/wp-json\/wp\/v2\/pages\/50\/revisions"}],"predecessor-version":[{"id":243,"href":"https:\/\/www.abrias.ch\/de\/wp-json\/wp\/v2\/pages\/50\/revisions\/243"}],"up":[{"embeddable":true,"href":"https:\/\/www.abrias.ch\/de\/wp-json\/wp\/v2\/pages\/56"}],"wp:attachment":[{"href":"https:\/\/www.abrias.ch\/de\/wp-json\/wp\/v2\/media?parent=50"}],"curies":[{"name":"wp","href":"https:\/\/api.w.org\/{rel}","templated":true}]}}