{"id":3,"date":"2021-03-12T05:25:58","date_gmt":"2021-03-12T05:25:58","guid":{"rendered":"https:\/\/abrias.cyon.site\/?page_id=3"},"modified":"2026-01-12T06:56:29","modified_gmt":"2026-01-12T05:56:29","slug":"datenschutzerklaerung","status":"publish","type":"page","link":"https:\/\/www.abrias.ch\/de\/datenschutzerklaerung\/","title":{"rendered":"Datenschutzerkl\u00e4rung"},"content":{"rendered":"<div class=\"et_d4_element et_pb_section et_pb_section_0  et_pb_css_mix_blend_mode et_section_regular et_block_section\" >\n\t\t\t\t\n\t\t\t\t\n\t\t\t\t\n\t\t\t\t\n\t\t\t\t\n\t\t\t\t\n\t\t\t\t<div class=\"et_d4_element et_pb_row et_pb_row_0  et_pb_css_mix_blend_mode et_block_row\">\n\t\t\t\t<div class=\"et_d4_element et_pb_column_4_4 et_pb_column et_pb_column_0  et_pb_css_mix_blend_mode et-last-child et_block_column\">\n\t\t\t\t\n\t\t\t\t\n\t\t\t\t\n\t\t\t\t\n\t\t\t\t<div class=\"et_pb_module et_d4_element et_pb_text et_pb_text_0  et_pb_text_align_left et_pb_bg_layout_light\">\n\t\t\t\t\n\t\t\t\t\n\t\t\t\t\n\t\t\t\t\n\t\t\t\t<div class=\"et_pb_text_inner\"><h1>Informationen zum Datenschutz nach dem Schweizerischen Datenschutzgesetz (DSG)<\/h1><\/div>\n\t\t\t<\/div><div class=\"et_pb_module et_d4_element et_pb_text et_pb_text_1  et_pb_text_align_left et_pb_bg_layout_light\">\n\t\t\t\t\n\t\t\t\t\n\t\t\t\t\n\t\t\t\t\n\t\t\t\t<div class=\"et_pb_text_inner\"><p>Im Rahmen ihrer T\u00e4tigkeit verarbeitet die Abrias Investment Management AG (im Folgenden auch als \"ABRIAS\" bezeichnet) Daten von nat\u00fcrlichen und juristischen Personen (im Folgenden als \"personenbezogene Daten\" bezeichnet). Zu diesen personenbezogenen Daten geh\u00f6ren Informationen \u00fcber Kunden (aktuelle und ehemalige), potenzielle Kunden, Gesch\u00e4ftspartner und deren Mitarbeiter sowie jede andere Person, die mit ABRIAS interagiert.<\/p>\n<p>ABRIAS h\u00e4lt sich an die geltenden Gesetze und Vorschriften, um den Schutz und die Geheimhaltung personenbezogener Daten zu gew\u00e4hrleisten. Dieses Dokument gibt Ihnen einen \u00dcberblick \u00fcber die Verarbeitung Ihrer personenbezogenen Daten und Ihre Pers\u00f6nlichkeitsrechte.<\/p><\/div>\n\t\t\t<\/div><div class=\"et_pb_module et_d4_element et_pb_text et_pb_text_2  et_pb_text_align_left et_pb_bg_layout_light\">\n\t\t\t\t\n\t\t\t\t\n\t\t\t\t\n\t\t\t\t\n\t\t\t\t<div class=\"et_pb_text_inner\"><h2>1. Art der verarbeiteten Daten<\/h2>\n<p>ABRIAS bearbeitet in erster Linie die Personendaten, die sie im Rahmen der Gesch\u00e4ftsbeziehung mit ihren Kunden und anderen Gesch\u00e4ftspartnern von diesen und weiteren daran beteiligten Personen erhaltet:<\/p>\n<ul>\n<li>Personenbezogene Daten wie Vor- und Nachname, Geburtsdatum und -ort, Staatsangeh\u00f6rigkeit, Wohnsitz, Geschlecht, Telefonnummer, Post- und E-Mail-Adresse sowie Daten \u00fcber Familienangeh\u00f6rige oder nahestehende Personen wie der Name des Ehegatten\/Lebenspartners und\/oder der Kinder;<\/li>\n<li>Finanzinformationen, wie z. B. Zahlungs- und Transaktionsaufzeichnungen, Informationen \u00fcber die Verm\u00f6genssituation, Bilanzen, Verbindlichkeiten, Steuern, Einkommen, Ertr\u00e4ge und Investitionen;<\/li>\n<li>Steuerdomizil und andere Steuerdokumente und -informationen wie die Steuernummer;<\/li>\n<li>Berufliche Informationen \u00fcber den Kunden, wie z. B. Standort und Berufserfahrung;<\/li>\n<li>Anlagekenntnisse und -erfahrung;<\/li>\n<li>Angaben zu Kundenkontakten und den angeforderten Produkten und Dienstleistungen sowie Angaben zu allf\u00e4llig erteilten Mandaten;<\/li>\n<li>Gegebenenfalls Aufzeichnungen von Telefongespr\u00e4chen zwischen dem Kunden und ABRIAS;<\/li>\n<li>In einigen F\u00e4llen (soweit gesetzlich zul\u00e4ssig) besondere Kategorien personenbezogener Daten, wie z. B. biometrische Daten, und, soweit gesetzlich zul\u00e4ssig, Daten in Bezug auf strafrechtliche Verurteilungen oder Straftaten.<\/li>\n<\/ul>\n<p>In einigen F\u00e4llen kann ABRIAS die oben genannten Informationen auch durch Konsultation \u00f6ffentlicher Register, \u00f6ffentlicher Verwaltungen oder anderer Drittquellen wie der Depotbank sammeln. Soweit dies f\u00fcr die Dienstleistungen, die wir unseren Kunden anbieten, relevant ist, erfassen wir auch Informationen \u00fcber gemeinsame Karteninhaber oder Bankkonten, Mitglieder (einschliesslich anderer Aktion\u00e4re oder Beg\u00fcnstigter), Angeh\u00f6rige oder Familienmitglieder, Vertreter und Agenten.<\/p>\n<p>Wenn ein Kunde die Website von ABRIAS (www.abrias.ch) aufruft, werden die von seinem Browser \u00fcbermittelten Daten automatisch von unserem Server erfasst (u.a. Datum und Uhrzeit des Abrufs, Name der abgerufenen Datei sowie \u00fcbertragene Datenmenge und Durchf\u00fchrung des Zugriffs, Browser des Kunden, Sprache und Domain, IP-Adresse). Weitere Daten werden nur im Falle einer freiwilligen Einwilligung, z.B. im Rahmen einer Registrierung oder Anfrage, \u00fcber die Website von Abrias erfasst.<\/p>\n<p>ABRIAS kann Cookies, Tracking-Technologien und andere Mittel (z. B. Web Beacons, Pixel, Gifs, Tags, eindeutige Identifikatoren) verwenden, um die oben genannten Informationen aus einer Vielzahl von Kan\u00e4len zu sammeln und zu verarbeiten, einschliesslich E-Mail und den Ger\u00e4ten, die Sie verwenden, um mit uns \u00fcber unsere Website zu interagieren. F\u00fcr die Verwendung von Cookies und anderen Tracking-Technologien beachten Sie bitte auch die Cookie- Verwaltungsrichtlinie, die unter www.abrias.ch\/datenschutzerklaerung\/ verf\u00fcgbar ist.<\/p><\/div>\n\t\t\t<\/div><div class=\"et_pb_module et_d4_element et_pb_text et_pb_text_3  et_pb_text_align_left et_pb_bg_layout_light\">\n\t\t\t\t\n\t\t\t\t\n\t\t\t\t\n\t\t\t\t\n\t\t\t\t<div class=\"et_pb_text_inner\"><h2>2. Zweck der Datenverarbeitung und Rechtsgrundlagen<\/h2>\n<p>ABRIAS bearbeitet die oben genannten personenbezogenen Daten in \u00dcbereinstimmung mit den Bestimmungen des Schweizerischen Bundesgesetzes \u00fcber den Datenschutz (DSG). Ihre personenbezogenen Daten werden immer f\u00fcr einen bestimmten Zweck und nur in dem Umfang verarbeitet, der zur Erreichung dieses Zwecks erforderlich ist. Die Hauptzwecke dieser Datenverarbeitung sind wie folgt:<\/p>\n<h3>2.1. Erf\u00fcllung vertraglicher Pflichten<\/h3>\n<p>Die Daten werden verarbeitet, um Finanzdienstleistungen im Rahmen der Erf\u00fcllung von Vertr\u00e4gen, die mit Kunden geschlossen wurden, zu erbringen oder vorvertragliche Massnahmen im Vorfeld des Abschlusses der oben genannten Vertr\u00e4ge durchzuf\u00fchren. Die Zwecke der Datenverarbeitung richten sich in erster Linie nach der konkreten Dienstleistung, die der Kunde anfragt, und k\u00f6nnen eine Bedarfsanalyse umfassen.<\/p>\n<h3>2.2. Einhaltung gesetzlicher Verpflichtungen<\/h3>\n<p>Die Gesellschaft unterliegt verschiedenen rechtlichen Verpflichtungen (z.B. Finanzinstitutsgesetz, Geldw\u00e4schereigesetz, Finanzdienstleistungsgesetz) und Bestimmungen des Aufsichtsorgans, dem die Gesellschaft angeschlossen ist, FINcontrol Suisse AG und der FINMA, welche die Bearbeitung von Personendaten verlangen k\u00f6nnen.<\/p>\n<h3>2.3. Verfolgung berechtigter Interessen<\/h3>\n<p>Soweit erforderlich, verarbeiten wir Daten \u00fcber das f\u00fcr die wirksame Erf\u00fcllung unserer vertraglichen Pflichten unbedingt erforderliche Mass hinaus, um berechtigte Interessen von uns oder Dritten zu verfolgen, sofern diese nicht die Interessen oder Grundrechte und Grundfreiheiten unserer Kunden \u00fcberwiegen. Neben den folgenden Beispielen beziehen wir personenbezogene Daten auch aus \u00f6ffentlich zug\u00e4nglichen Quellen zu Zwecken der Kundenakquise:<\/p>\n<ul>\n<li>legitime Anspr\u00fcche geltend zu machen und eine Verteidigungslinie im Streitfall zu entwickeln;<\/li>\n<li>die IT-Sicherheit und den Betrieb der IT-Systeme von ABRIAS zu gew\u00e4hrleisten;<\/li>\n<li>Verh\u00fctung und Aufdeckung von Straftaten;<\/li>\n<li>Video\u00fcberwachung, um unbefugten Zugriff zu verhindern, Beweise im Falle von Diebstahl oder Betrug zu sammeln oder Verf\u00fcgbarkeit und Kautionen festzustellen;<\/li>\n<li>Massnahmen zur Sicherheit von Geb\u00e4uden und Orten (z. B. Zugangskontrolle);<\/li>\n<li>Massnahmen zur Steuerung der Aktivit\u00e4ten und zur Weiterentwicklung von Dienstleistungen und Produkten.<\/li>\n<\/ul>\n<p>Wenn ABRIAS personenbezogene Daten gem\u00e4ss den Abschnitten 2.1, 2.2 und 2.3 verarbeitet, ist es nicht erforderlich, die vorherige ausdr\u00fcckliche Zustimmung der betroffenen Person zur Verarbeitung der Daten einzuholen.<\/p>\n<h3>2.4. Besondere Zwecke<\/h3>\n<p>Sofern die betroffene Person in die Verarbeitung personenbezogener Daten f\u00fcr bestimmte Zwecke eingewilligt hat (z.B. Analyse der Handelst\u00e4tigkeit zu Marketingzwecken etc.), beruht die Rechtm\u00e4ssigkeit dieser Verarbeitung auf einer Einwilligung. Sie k\u00f6nnen Ihre Einwilligung jederzeit widerrufen.<\/p><\/div>\n\t\t\t<\/div><div class=\"et_pb_module et_d4_element et_pb_text et_pb_text_4  et_pb_text_align_left et_pb_bg_layout_light\">\n\t\t\t\t\n\t\t\t\t\n\t\t\t\t\n\t\t\t\t\n\t\t\t\t<div class=\"et_pb_text_inner\"><h2>3. Zugang zu und Schutz personenbezogener Daten<\/h2>\n<p>Innerhalb von ABRIAS ist der Zugang zu den Daten den Mitarbeitern gew\u00e4hrleistet, die diese zur Erf\u00fcllung vertraglicher, gesetzlicher und aufsichtsrechtlicher Verpflichtungen ben\u00f6tigen. Dienstleister und Vertreter (in der Regel Anbieter von Bank-, IT-, Logistik-, Druck-, Telekommunikations-, Inkasso-, Beratungs-, Vertriebs- und Marketingdienstleistungen), die von ABRIAS beauftragt werden k\u00f6nnen, k\u00f6nnen ebenfalls Daten zu diesen Zwecken erhalten, sofern sie die geltenden Vorschriften f\u00fcr die Verarbeitung personenbezogener Daten einhalten.<\/p>\n<p>In Bezug auf die \u00dcbermittlung von Daten an Empf\u00e4nger ausserhalb von ABRIAS ist zun\u00e4chst zu beachten, dass die Mitarbeiter des Verm\u00f6gensverwalters verpflichtet sind, Stillschweigen \u00fcber alle Tatsachen und Einsch\u00e4tzungen in Bezug auf den Kunden zu wahren, von denen sie Kenntnis erlangen k\u00f6nnten.<\/p>\n<p>Unter bestimmten Voraussetzungen ist es ABRIAS gestattet, Informationen an Dritte weiterzugeben, wie z.B.<\/p>\n<ul>\n<li>Beh\u00f6rden und Institutionen (z.B. FINMA, Aufsichtsbeh\u00f6rden, Pr\u00fcfgesellschaften, Finanzbeh\u00f6rden, Strafverfolgungsbeh\u00f6rden), sofern gesetzliche Verpflichtungen bestehen;<\/li>\n<li>sonstige Finanzdienstleister, \u00e4hnliche Einrichtungen und Auftragsverarbeiter, an die wir personenbezogene Daten zur Erf\u00fcllung unseres Auftrags \u00fcbermitteln (z.B. Support\/Wartung von Datenverarbeitungs-\/IT-Anwendungen, Archivierung, Dokumentenverarbeitung, Compliance- und Risikomanagement-Dienstleistungen).<\/li>\n<\/ul>\n<p>Es wurden geeignete technische und organisatorische Massnahmen ergriffen, um einen unbefugten oder unrechtm\u00e4ssigen Zugriff auf die von den Kunden zur Verf\u00fcgung gestellten personenbezogenen Daten zu verhindern.<\/p><\/div>\n\t\t\t<\/div><div class=\"et_pb_module et_d4_element et_pb_text et_pb_text_5  et_pb_text_align_left et_pb_bg_layout_light\">\n\t\t\t\t\n\t\t\t\t\n\t\t\t\t\n\t\t\t\t\n\t\t\t\t<div class=\"et_pb_text_inner\"><h2>4. \u00dcbermittlung in ein Drittland<\/h2>\n<p>Eine Daten\u00fcbermittlung in L\u00e4nder ausserhalb der Schweiz darf nur erfolgen, wenn dies f\u00fcr die Erbringung der vereinbarten Dienstleistung erforderlich ist (z.B. B\u00f6rsenauftr\u00e4ge), dies gesetzlich vorgeschrieben ist (z.B. steuerrechtliche Meldepflichten) oder der Kunde seine Einwilligung erteilt hat. Werden Dienstleister in einem Drittland eingesetzt, sind diese verpflichtet, das in der Schweiz geltende Datenschutzniveau einzuhalten.<\/p><\/div>\n\t\t\t<\/div><div class=\"et_pb_module et_d4_element et_pb_text et_pb_text_6  et_pb_text_align_left et_pb_bg_layout_light\">\n\t\t\t\t\n\t\t\t\t\n\t\t\t\t\n\t\t\t\t\n\t\t\t\t<div class=\"et_pb_text_inner\"><h2>5. Dauer der Speicherung<\/h2>\n<p>ABRIAS speichert personenbezogene Daten nur so lange, wie es erforderlich ist, um den Zweck zu erreichen, f\u00fcr den sie erhoben wurden, oder um die Anforderungen von Gesetzen, Vorschriften oder internen Gesetzen zu erf\u00fcllen. Zu diesem Zweck gelten spezifische Kriterien, um die angemessenen Aufbewahrungsfristen f\u00fcr personenbezogene Daten je nach Zweck zu bestimmen, wie z. B. eine ordnungsgem\u00e4sse Buchhaltungsf\u00fchrung, die Erleichterung der Beziehung zum Kunden, die Verteidigung im Falle von Rechtsanspr\u00fcchen oder die Beantwortung von Anfragen der Aufsichtsbeh\u00f6rden. Im Allgemeinen bewahrt ABRIAS personenbezogene Daten f\u00fcr die Dauer der Beziehung oder des Vertrags zuz\u00fcglich weiterer zehn Jahre auf, was dem Zeitraum entspricht, der f\u00fcr die Einreichung rechtlicher Schritte nach Beendigung einer solchen Beziehung oder eines solchen Vertrags zul\u00e4ssig ist. Anh\u00e4ngige oder angedrohte rechtliche oder beh\u00f6rdliche Verfahren k\u00f6nnen zu einer Aufbewahrung \u00fcber diesen Zeitraum hinaus f\u00fchren.<\/p><\/div>\n\t\t\t<\/div><div class=\"et_pb_module et_d4_element et_pb_text et_pb_text_7  et_pb_text_align_left et_pb_bg_layout_light\">\n\t\t\t\t\n\t\t\t\t\n\t\t\t\t\n\t\t\t\t\n\t\t\t\t<div class=\"et_pb_text_inner\"><h2>6. Datenschutzrechte<\/h2>\n<h3>6.1. Allgemeines<\/h3>\n<p>Jede betroffene Person hat das Recht auf Auskunft \u00fcber ihre Daten, das Recht auf Berichtigung oder L\u00f6schung und auf Einschr\u00e4nkung ihrer Verarbeitung und\/oder auf Widerspruch sowie auf \u00dcbertragbarkeit dieser Daten, soweit anwendbar. Dar\u00fcber hinaus ist im Rahmen der geltenden Grenzen das Recht vorgesehen, eine Beschwerde bei einer zust\u00e4ndigen Datenschutzaufsichtsbeh\u00f6rde einzureichen.<\/p>\n<p>Sie k\u00f6nnen Ihre Einwilligung in die Verarbeitung Ihrer personenbezogenen Daten jederzeit widerrufen. Der Widerruf gilt nur f\u00fcr die Zukunft, die vor dem Widerruf erfolgte Verarbeitung ist davon nicht betroffen.<\/p>\n<p>Die Rechte auf Zugang, Widerruf oder Widerspruch jeder betroffenen Person sind nicht absolut, da sie unter bestimmten Umst\u00e4nden nicht anwendbar sind oder Ausnahmen unterliegen k\u00f6nnen (z. B. zur Erf\u00fcllung gesetzlicher Verpflichtungen). Wir werden den Anfragen, die wir gem\u00e4ss den geltenden Datenschutzgesetzen erhalten, nachgehen. Dar\u00fcber hinaus k\u00f6nnen wir Sie, wenn eine betroffene Person ihre Rechte aus\u00fcbt, zun\u00e4chst auffordern, einen Nachweis \u00fcber ihre Identit\u00e4t zu erbringen. Wir k\u00f6nnen Sie auch um zus\u00e4tzliche Informationen bitten, falls Ihre Anfrage unklar ist. Wenn wir Ihrer Anfrage nicht nachkommen k\u00f6nnen, werden wir Ihnen eine Erkl\u00e4rung geben.<\/p>\n<p>Zur Aus\u00fcbung Ihrer Rechte nutzen Sie bitte die in Ziffer 11 angegebenen Kontaktdaten.<\/p>\n<h3>6.2. Widerspruchsrecht gegen die Datenverarbeitung zu Marketingzwecken<\/h3>\n<p>In einigen F\u00e4llen verarbeiten wir personenbezogene Daten f\u00fcr Zwecke der Direktwerbung. Die betroffene Person hat das Recht, jederzeit gegen die Verarbeitung personenbezogener Daten, die zu diesen Zwecken erfolgt, Widerspruch einzulegen, einschliesslich der Erstellung von Profilen, soweit sie mit solchem Direktmarketing in Verbindung steht. Wenn Sie der Verarbeitung f\u00fcr Zwecke der Direktwerbung widersprechen, werden Ihre personenbezogenen Daten nicht mehr f\u00fcr diese Zwecke verarbeitet. Um Widerspruch einzulegen, nutzen Sie bitte die unter Punkt 11 angegebenen Kontaktdaten.<\/p><\/div>\n\t\t\t<\/div><div class=\"et_pb_module et_d4_element et_pb_text et_pb_text_8  et_pb_text_align_left et_pb_bg_layout_light\">\n\t\t\t\t\n\t\t\t\t\n\t\t\t\t\n\t\t\t\t\n\t\t\t\t<div class=\"et_pb_text_inner\"><h2>7. Pflicht zur Bereitstellung von Daten<\/h2>\n<p>Im Rahmen der Erbringung unserer Dienstleistung ist die betroffene Person verpflichtet, diejenigen personenbezogenen Daten bereitzustellen, die f\u00fcr die Begr\u00fcndung und Durchf\u00fchrung des Mandats sowie zur Erf\u00fcllung der entsprechenden vertraglichen und gesetzlichen Pflichten erforderlich sind. Ohne diese Daten sind wir grunds\u00e4tzlich nicht in der Lage, einen Vertrag mit unseren Kunden abzuschliessen oder durchzuf\u00fchren. Konkret verlangen die Bestimmungen des Geldw\u00e4schegesetzes, dass wir Ihre Identit\u00e4t \u00fcberpr\u00fcfen, bevor wir eine Gesch\u00e4ftsbeziehung eingehen. Damit wir dieser gesetzlichen Verpflichtung nachkommen k\u00f6nnen, sind die betroffenen Personen verpflichtet, uns die erforderlichen Informationen und Unterlagen zur Verf\u00fcgung zu stellen und uns etwaige \u00c4nderungen, die w\u00e4hrend der Mandatslaufzeit eintreten k\u00f6nnen, unverz\u00fcglich mitzuteilen. In Ermangelung der erforderlichen Informationen und Unterlagen ist es uns nicht gestattet, unsere Dienstleistungen zu erbringen.<\/p><\/div>\n\t\t\t<\/div><div class=\"et_pb_module et_d4_element et_pb_text et_pb_text_9  et_pb_text_align_left et_pb_bg_layout_light\">\n\t\t\t\t\n\t\t\t\t\n\t\t\t\t\n\t\t\t\t\n\t\t\t\t<div class=\"et_pb_text_inner\"><h2>8. Einsatz automatisierter Entscheidungsverfahren<\/h2>\n<p>ABRIAS trifft Entscheidungen in der Regel nicht ausschliesslich auf der Grundlage automatisierter Verfahren zur Begr\u00fcndung und Durchf\u00fchrung der Gesch\u00e4ftsbeziehung. Sofern die Gesellschaft diese Verfahren im Einzelfall in Anspruch nimmt, wird sie, soweit gesetzlich vorgeschrieben, gesondert dar\u00fcber informieren. Ein Widerspruchsrecht ist unter bestimmten Voraussetzungen gew\u00e4hrleistet.<\/p><\/div>\n\t\t\t<\/div><div class=\"et_pb_module et_d4_element et_pb_text et_pb_text_10  et_pb_text_align_left et_pb_bg_layout_light\">\n\t\t\t\t\n\t\t\t\t\n\t\t\t\t\n\t\t\t\t\n\t\t\t\t<div class=\"et_pb_text_inner\"><h2>9. Profiling durch ABRIAS<\/h2>\n<p>In einigen F\u00e4llen verarbeiten wir Kundendaten automatisiert zum Zwecke der Bewertung bestimmter pers\u00f6nlicher Aspekte (Profiling). Hier sind einige Beispiele:<\/p>\n<ul>\n<li>Das Gesetz verpflichtet uns, Massnahmen zur Bek\u00e4mpfung von Geldw\u00e4sche, Betrug und Terrorismusfinanzierung sowie Straftaten zu ergreifen, die eine Bedrohung f\u00fcr Verm\u00f6genswerte darstellen. Auch Datenauswertungen (wie z.B. im Zahlungsverkehr) k\u00f6nnen in diesem Zusammenhang durchgef\u00fchrt werden;<\/li>\n<li>Wir k\u00f6nnen Kundenprofiling durchf\u00fchren, um regulatorische und vertragliche Anforderungen zu erf\u00fcllen (z. B. Bestimmung des Anlageprofils des Kunden).<\/li>\n<\/ul><\/div>\n\t\t\t<\/div><div class=\"et_pb_module et_d4_element et_pb_text et_pb_text_11  et_pb_text_align_left et_pb_bg_layout_light\">\n\t\t\t\t\n\t\t\t\t\n\t\t\t\t\n\t\t\t\t\n\t\t\t\t<div class=\"et_pb_text_inner\"><h2>10. Datensicherheit<\/h2>\n<p>ABRIAS ergreift geeignete technische (z. B. Verschl\u00fcsselung, Pseudonymisierung, Protokollierung, Zugriffskontrolle, Datensicherung usw.) und organisatorische (z. B. Anweisungen an unsere Mitarbeiter, Vertraulichkeitsvereinbarungen, Audits usw.) Massnahmen, um die Sicherheit der gesammelten und verarbeiteten Informationen zu gew\u00e4hrleisten und sie vor unbefugtem Zugriff, Missbrauch, Verlust, Verf\u00e4lschung und Zerst\u00f6rung zu sch\u00fctzen. Der Zugriff auf Ihre personenbezogenen Daten ist nur zul\u00e4ssig, wenn er tats\u00e4chlich erforderlich ist.<\/p>\n<p>Sicherheitsrisiken lassen sich jedoch in der Regel nicht vollst\u00e4ndig ausschliessen: Einige Restrisiken sind meist unvermeidbar. Insbesondere da bei der Kommunikation per E-Mail, Instant Messaging oder \u00e4hnlichen Kommunikationsmitteln keine einwandfreie Datensicherheit gew\u00e4hrleistet werden kann, empfehlen wir Ihnen, vertrauliche Informationen auf besonders sicherem Wege zu versenden.<\/p><\/div>\n\t\t\t<\/div><div class=\"et_pb_module et_d4_element et_pb_text et_pb_text_12  et_pb_text_align_left et_pb_bg_layout_light\">\n\t\t\t\t\n\t\t\t\t\n\t\t\t\t\n\t\t\t\t\n\t\t\t\t<div class=\"et_pb_text_inner\"><h2>11. Verantwortlicher und Kontakt<\/h2>\n<p>Zust\u00e4ndige Stelle ist der Datenschutzbeauftragte des ABRIAS, der unter folgender Adresse erreichbar ist:<\/p>\n<p>Abrias Investment Management AG<br \/>Bahnhofplatz<br \/>CH-6300 Zug<br \/>Telefon: +41 41 662 40 40<br \/>E-Mail: <a href=\"mailto:operations@abrias.ch\">operations@abrias.ch<\/a><\/p><\/div>\n\t\t\t<\/div>\n\t\t\t<\/div>\n\t\t\t\t\n\t\t\t\t\n\t\t\t\t\n\t\t\t\t\n\t\t\t<\/div>\n\t\t\t\t\n\t\t\t\t\n\t\t\t<\/div>\n","protected":false},"excerpt":{"rendered":"","protected":false},"author":1,"featured_media":0,"parent":0,"menu_order":0,"comment_status":"closed","ping_status":"open","template":"","meta":{"_et_pb_use_builder":"on","_et_pb_old_content":"","_et_gb_content_width":"","footnotes":""},"class_list":["post-3","page","type-page","status-publish","hentry"],"_links":{"self":[{"href":"https:\/\/www.abrias.ch\/de\/wp-json\/wp\/v2\/pages\/3","targetHints":{"allow":["GET"]}}],"collection":[{"href":"https:\/\/www.abrias.ch\/de\/wp-json\/wp\/v2\/pages"}],"about":[{"href":"https:\/\/www.abrias.ch\/de\/wp-json\/wp\/v2\/types\/page"}],"author":[{"embeddable":true,"href":"https:\/\/www.abrias.ch\/de\/wp-json\/wp\/v2\/users\/1"}],"replies":[{"embeddable":true,"href":"https:\/\/www.abrias.ch\/de\/wp-json\/wp\/v2\/comments?post=3"}],"version-history":[{"count":5,"href":"https:\/\/www.abrias.ch\/de\/wp-json\/wp\/v2\/pages\/3\/revisions"}],"predecessor-version":[{"id":11091,"href":"https:\/\/www.abrias.ch\/de\/wp-json\/wp\/v2\/pages\/3\/revisions\/11091"}],"wp:attachment":[{"href":"https:\/\/www.abrias.ch\/de\/wp-json\/wp\/v2\/media?parent=3"}],"curies":[{"name":"wp","href":"https:\/\/api.w.org\/{rel}","templated":true}]}}