{"id":254,"date":"2021-05-08T11:47:17","date_gmt":"2021-05-08T09:47:17","guid":{"rendered":"https:\/\/abrias.cyon.site\/impressum-copy\/"},"modified":"2021-05-08T11:49:38","modified_gmt":"2021-05-08T09:49:38","slug":"haftungsausschluss","status":"publish","type":"page","link":"https:\/\/www.abrias.ch\/de\/haftungsausschluss\/","title":{"rendered":"Haftungsausschluss"},"content":{"rendered":"<div class=\"et_d4_element et_pb_section et_pb_section_0  et_pb_css_mix_blend_mode et_section_regular et_block_section\" >\n\t\t\t\t\n\t\t\t\t\n\t\t\t\t\n\t\t\t\t\n\t\t\t\t\n\t\t\t\t\n\t\t\t\t<div class=\"et_d4_element et_pb_row et_pb_row_0  et_pb_css_mix_blend_mode et_block_row\">\n\t\t\t\t<div class=\"et_d4_element et_pb_column_4_4 et_pb_column et_pb_column_0  et_pb_css_mix_blend_mode et-last-child et_block_column\">\n\t\t\t\t\n\t\t\t\t\n\t\t\t\t\n\t\t\t\t\n\t\t\t\t<div class=\"et_pb_module et_d4_element et_pb_text et_pb_text_0  et_pb_text_align_left et_pb_bg_layout_light\">\n\t\t\t\t\n\t\t\t\t\n\t\t\t\t\n\t\t\t\t\n\t\t\t\t<div class=\"et_pb_text_inner\"><h1>Haftungsausschluss<\/h1><\/div>\n\t\t\t<\/div><div class=\"et_pb_module et_d4_element et_pb_text et_pb_text_1  et_pb_text_align_left et_pb_bg_layout_light\">\n\t\t\t\t\n\t\t\t\t\n\t\t\t\t\n\t\t\t\t\n\t\t\t\t<div class=\"et_pb_text_inner\"><p>Personen, welche die Webseiten der Abrias abrufen, erkl\u00e4ren sich mit den nachstehenden Bedingungen einverstanden:<\/p>\n<ul>\n<li>Die auf dieser Website enthaltenen Angaben beruhen auf Quellen, welche Abrias als zuverl\u00e4ssig erachtet. Eine Garantie f\u00fcr deren Richtigkeit, Vollst\u00e4ndigkeit oder Aktualit\u00e4t kann aber ebenso wenig \u00fcbernommen werden, wie f\u00fcr die Eignung einer Anlage f\u00fcr einen bestimmten Investor oder m\u00f6gliche Steuerfolgen. Abrias schliesst jede Haftung f\u00fcr Verluste aus. Die Informationen auf dieser Website k\u00f6nnen ohne vorherige Ank\u00fcndigung jederzeit ge\u00e4ndert werden.<\/li>\n<li>Diese Webseite enth\u00e4lt generelle Informationen mit rein informativem Charakter. Die Grundinformationen zu Verm\u00f6gensverwaltungsprodukten oder dazugeh\u00f6rende Dienstleistungen sind weder eine Aufforderung noch ein Angebot oder eine Empfehlung zum Erwerb oder Verkauf von Anlageinstrumenten oder zur T\u00e4tigung sonstiger Transaktionen.<\/li>\n<li>Bitte beachten Sie, dass der Wert einer Investition sowohl steigen als auch fallen kann. Eine positive Wertentwicklung in der Vergangenheit ist somit keine Garantie f\u00fcr eine k\u00fcnftig positive Weiterentwicklung. Anlagen in Fremdw\u00e4hrungen unterliegen zus\u00e4tzlich auch W\u00e4hrungsschwankungen.<\/li>\n<li>Der Zweck dieser Webseite ist nicht das Umgehen von Gesetzen und Reglementen in jenen L\u00e4ndern, welche die Ver\u00f6ffentlichung oder den Zugriff auf die Webseite der Abrias AG verbieten. Personen, die in einem solchen Land ihren Wohnsitz haben oder auf andere Weise der Gerichtsbarkeit solchen L\u00e4ndern unterstehen, d\u00fcrfen auf die Website von Abrias nicht zugreifen.<\/li>\n<li>Bitte beachten Sie, dass jeder Zugriff auf diese Webseite von Drittseite \u00fcberwacht werden kann.<\/li>\n<li>Die Inhalte von Webseiten, auf die Abrias verweist, werden nicht durch Abrias gepr\u00fcft oder analysiert. Abrias AG, die Tochtergesellschaften, Verwaltungsr\u00e4te, Partner und Mitarbeitende \u00fcbernehmen keine Verantwortung oder Garantie, explizit oder implizit, zur Richtigkeit oder Vollst\u00e4ndigkeit dieser Informationen.<\/li>\n<li>Die Angaben auf der Abrias Website stellen weder Entscheidungshilfen f\u00fcr wirtschaftliche, rechtliche, steuerliche oder andere Beratungsfragen dar, noch d\u00fcrfen allein aufgrund dieser Angaben Anlage- oder sonstige Entscheide gef\u00e4llt werden. Eine Beratung durch eine qualifizierte Fachperson wird empfohlen.<\/li>\n<\/ul><\/div>\n\t\t\t<\/div>\n\t\t\t<\/div>\n\t\t\t\t\n\t\t\t\t\n\t\t\t\t\n\t\t\t\t\n\t\t\t<\/div>\n\t\t\t\t\n\t\t\t\t\n\t\t\t<\/div>\n","protected":false},"excerpt":{"rendered":"","protected":false},"author":1,"featured_media":0,"parent":0,"menu_order":0,"comment_status":"closed","ping_status":"closed","template":"","meta":{"_et_pb_use_builder":"on","_et_pb_old_content":"","_et_gb_content_width":"","footnotes":""},"class_list":["post-254","page","type-page","status-publish","hentry"],"_links":{"self":[{"href":"https:\/\/www.abrias.ch\/de\/wp-json\/wp\/v2\/pages\/254","targetHints":{"allow":["GET"]}}],"collection":[{"href":"https:\/\/www.abrias.ch\/de\/wp-json\/wp\/v2\/pages"}],"about":[{"href":"https:\/\/www.abrias.ch\/de\/wp-json\/wp\/v2\/types\/page"}],"author":[{"embeddable":true,"href":"https:\/\/www.abrias.ch\/de\/wp-json\/wp\/v2\/users\/1"}],"replies":[{"embeddable":true,"href":"https:\/\/www.abrias.ch\/de\/wp-json\/wp\/v2\/comments?post=254"}],"version-history":[{"count":3,"href":"https:\/\/www.abrias.ch\/de\/wp-json\/wp\/v2\/pages\/254\/revisions"}],"predecessor-version":[{"id":258,"href":"https:\/\/www.abrias.ch\/de\/wp-json\/wp\/v2\/pages\/254\/revisions\/258"}],"wp:attachment":[{"href":"https:\/\/www.abrias.ch\/de\/wp-json\/wp\/v2\/media?parent=254"}],"curies":[{"name":"wp","href":"https:\/\/api.w.org\/{rel}","templated":true}]}}