{"id":2,"date":"2021-03-12T05:25:58","date_gmt":"2021-03-12T04:25:58","guid":{"rendered":"https:\/\/abrias.cyon.site\/?page_id=2"},"modified":"2026-03-06T13:46:20","modified_gmt":"2026-03-06T12:46:20","slug":"willkommen","status":"publish","type":"page","link":"https:\/\/www.abrias.ch\/de\/","title":{"rendered":"Willkommen"},"content":{"rendered":"<div class=\"et_pb_section_0 et_pb_section et_section_regular et_block_section ab-hero-image\"><\/div>\n\n<div class=\"et_pb_section_1 et_pb_section et_section_regular et_block_section\">\n<div class=\"et_pb_row_0 et_pb_row et_block_row\">\n<div class=\"et_pb_column_0 et_pb_column et_pb_column_4_4 et-last-child et_block_column et_pb_css_mix_blend_mode_passthrough\">\n<div class=\"et_pb_text_0 et_pb_text et_pb_bg_layout_light et_pb_module et_block_module\"><div class=\"et_pb_text_inner\"><h1>Willkommen bei Abrias<\/h1>\n<\/div><\/div>\n<\/div>\n<\/div>\n\n<div class=\"et_pb_row_1 et_pb_row et_block_row\">\n<div class=\"et_pb_column_1 et_pb_column et_pb_column_4_4 et-last-child et_block_column et_pb_css_mix_blend_mode_passthrough\">\n<div class=\"et_pb_text_1 et_pb_text et_pb_bg_layout_light et_pb_module et_block_module\"><div class=\"et_pb_text_inner\"><p>Abrias ist eine unabh\u00e4ngige Schweizer Verm\u00f6gensverwalterin mit ausgewiesener Expertise in der aktiven Verwaltung von individuellen und institutionellen Mandaten. Unsere Kunden sind internationale und Schweizer Privatkunden, Family Offices und institutionelle Anleger.<\/p>\n<p>Die Fachkompetenz und langj\u00e4hrige Erfahrung der Partner und Mitarbeitenden sind Garant f\u00fcr eine professionelle und kundenorientierte Dienstleistung.<\/p>\n<p>Unabh\u00e4ngigkeit, Fachkompetenz, Exzellenz und Integrit\u00e4t bilden die S\u00e4ulen unserer Unternehmensphilosophie. Wir f\u00fchlen uns ausschliesslich unseren Kunden verpflichtet und k\u00f6nnen deshalb als unabh\u00e4ngiges Unternehmen stets in Ihrem alleinigen Interesse handeln, frei von etwelchen Interessenskonflikten.<\/p>\n<p>Abrias Investment Management AG ist eine durch die eidgen\u00f6ssische Finanzmarktaufsicht FINMA bewilligte Verm\u00f6gensverwalterin und wird durch die Aufsichtsorganisation OSFINcontrol Suisse AG \u00fcberwacht.<\/p>\n<p>&nbsp;<\/p>\n<\/div><\/div>\n<\/div>\n<\/div>\n<\/div>","protected":false},"excerpt":{"rendered":"","protected":false},"author":1,"featured_media":0,"parent":0,"menu_order":0,"comment_status":"closed","ping_status":"closed","template":"","meta":{"footnotes":""},"class_list":["post-2","page","type-page","status-publish","hentry"],"_links":{"self":[{"href":"https:\/\/www.abrias.ch\/de\/wp-json\/wp\/v2\/pages\/2","targetHints":{"allow":["GET"]}}],"collection":[{"href":"https:\/\/www.abrias.ch\/de\/wp-json\/wp\/v2\/pages"}],"about":[{"href":"https:\/\/www.abrias.ch\/de\/wp-json\/wp\/v2\/types\/page"}],"author":[{"embeddable":true,"href":"https:\/\/www.abrias.ch\/de\/wp-json\/wp\/v2\/users\/1"}],"replies":[{"embeddable":true,"href":"https:\/\/www.abrias.ch\/de\/wp-json\/wp\/v2\/comments?post=2"}],"version-history":[{"count":18,"href":"https:\/\/www.abrias.ch\/de\/wp-json\/wp\/v2\/pages\/2\/revisions"}],"predecessor-version":[{"id":12639,"href":"https:\/\/www.abrias.ch\/de\/wp-json\/wp\/v2\/pages\/2\/revisions\/12639"}],"wp:attachment":[{"href":"https:\/\/www.abrias.ch\/de\/wp-json\/wp\/v2\/media?parent=2"}],"curies":[{"name":"wp","href":"https:\/\/api.w.org\/{rel}","templated":true}]}}