{"id":148,"date":"2021-04-30T06:35:11","date_gmt":"2021-04-30T04:35:11","guid":{"rendered":"https:\/\/abrias.cyon.site\/?page_id=148"},"modified":"2021-05-08T11:30:44","modified_gmt":"2021-05-08T09:30:44","slug":"vermoegensverwaltung","status":"publish","type":"page","link":"https:\/\/www.abrias.ch\/de\/investment-management\/vermoegensverwaltung\/","title":{"rendered":"Verm\u00f6gensverwaltung"},"content":{"rendered":"<p><div class=\"et_d4_element et_pb_section et_pb_section_1 ab-hero-image et_pb_with_background  et_pb_css_mix_blend_mode et_section_regular et_block_section\" >\n\t\t\t\t\n\t\t\t\t\n\t\t\t\t\n\t\t\t\t\n\t\t\t\t\n\t\t\t\t\n\t\t\t\t\n\t\t\t\t\n\t\t\t\t\n\t\t\t<\/div><div class=\"et_d4_element et_pb_section et_pb_section_2  et_pb_css_mix_blend_mode et_section_regular et_block_section\" >\n\t\t\t\t\n\t\t\t\t\n\t\t\t\t\n\t\t\t\t\n\t\t\t\t\n\t\t\t\t\n\t\t\t\t<div class=\"et_d4_element et_pb_row et_pb_row_0  et_pb_css_mix_blend_mode et_block_row\">\n\t\t\t\t<div class=\"et_d4_element et_pb_column_4_4 et_pb_column et_pb_column_0  et_pb_css_mix_blend_mode et-last-child et_block_column\">\n\t\t\t\t\n\t\t\t\t\n\t\t\t\t\n\t\t\t\t\n\t\t\t\t<div class=\"et_pb_module et_d4_element et_pb_text et_pb_text_0  et_pb_text_align_left et_pb_bg_layout_light\">\n\t\t\t\t\n\t\t\t\t\n\t\t\t\t\n\t\t\t\t\n\t\t\t\t<div class=\"et_pb_text_inner\"><h1>Verm\u00f6gensverwaltung<\/h1>\n<p>&nbsp;<\/p><\/div>\n\t\t\t<\/div><div class=\"et_pb_module et_d4_element et_pb_text et_pb_text_1  et_pb_text_align_left et_pb_bg_layout_light\">\n\t\t\t\t\n\t\t\t\t\n\t\t\t\t\n\t\t\t\t\n\t\t\t\t<div class=\"et_pb_text_inner\"><p>Mit einem Verm\u00f6gensverwaltungsmandat beauftragen Sie uns, die uns anvertrauten Verm\u00f6genswerte im Rahmen der vereinbarten Anlagerichtlinien selbstst\u00e4ndig zu verwalten.<\/p>\n<p>Die dauerhafte \u00dcberwachung und Optimierung der Verm\u00f6gensentwicklung hat oberste Priorit\u00e4t. In regelm\u00e4ssigen Abst\u00e4nden besprechen wir die erzielten Resultate mit Ihnen und er\u00f6rtern allf\u00e4llige Anpassungen Ihrer Anlageziele.<\/p>\n<p>Die gesamte Verm\u00f6gensverwaltungst\u00e4tigkeit ist von einer klaren Anlagephilosophie gepr\u00e4gt und bestimmt: wertorientiert, diszipliniert, kompromisslos \u2013 und dies, ohne kurzfristigen Modestr\u00f6mungen zu verfallen.<\/p>\n<p>Eine erstklassige Verm\u00f6gensverwaltung ist immer sehr individuell und aus diesem Grunde nehmen wir uns vom ersten Gespr\u00e4ch an viel Zeit, um Sie gut kennen zu lernen und Ihre pers\u00f6nliche Anlageziele und Ihr eigenes Risikoprofil zu erarbeiten. Auf der Basis der gewonnenen Einsichten und einer sorgf\u00e4ltigen Analyse Ihrer gegenw\u00e4rtigen Situation ergeben sich wichtige Erkenntnisse, wie wir Ihre langfristigen Ziele erreichen k\u00f6nnen.<\/p>\n<p>Wir arbeiten ausschliesslich mit erstklassigen Depotbanken, vorwiegend in der Schweiz, die hinsichtlich der Aufbewahrung der Verm\u00f6genswerte und der Abwicklung von Wertschriftentransaktionen h\u00f6chste Qualit\u00e4tsanspr\u00fcche erf\u00fcllen.<\/p>\n<p>Wir schaffen nachhaltig Vertrauen, da bei uns die Kunden im Mittelpunkt unseres Denkens und Handels stehen und wir ausschliesslich in Ihrem Interesse handeln.<\/p>\n<p>Unsere professionelle Dienstleistung erbringen wir auf einer unabh\u00e4ngigen und objektiven Basis. Sie bildet die solide Grundlage f\u00fcr eine erfolgreiche und dauerhafte Zusammenarbeit.<\/p><\/div>\n\t\t\t<\/div>\n\t\t\t<\/div>\n\t\t\t\t\n\t\t\t\t\n\t\t\t\t\n\t\t\t\t\n\t\t\t<\/div>\n\t\t\t\t\n\t\t\t\t\n\t\t\t<\/div><\/p>\n","protected":false},"excerpt":{"rendered":"","protected":false},"author":1,"featured_media":0,"parent":56,"menu_order":0,"comment_status":"closed","ping_status":"closed","template":"","meta":{"_et_pb_use_builder":"on","_et_pb_old_content":"","_et_gb_content_width":"","footnotes":""},"class_list":["post-148","page","type-page","status-publish","hentry"],"_links":{"self":[{"href":"https:\/\/www.abrias.ch\/de\/wp-json\/wp\/v2\/pages\/148","targetHints":{"allow":["GET"]}}],"collection":[{"href":"https:\/\/www.abrias.ch\/de\/wp-json\/wp\/v2\/pages"}],"about":[{"href":"https:\/\/www.abrias.ch\/de\/wp-json\/wp\/v2\/types\/page"}],"author":[{"embeddable":true,"href":"https:\/\/www.abrias.ch\/de\/wp-json\/wp\/v2\/users\/1"}],"replies":[{"embeddable":true,"href":"https:\/\/www.abrias.ch\/de\/wp-json\/wp\/v2\/comments?post=148"}],"version-history":[{"count":3,"href":"https:\/\/www.abrias.ch\/de\/wp-json\/wp\/v2\/pages\/148\/revisions"}],"predecessor-version":[{"id":240,"href":"https:\/\/www.abrias.ch\/de\/wp-json\/wp\/v2\/pages\/148\/revisions\/240"}],"up":[{"embeddable":true,"href":"https:\/\/www.abrias.ch\/de\/wp-json\/wp\/v2\/pages\/56"}],"wp:attachment":[{"href":"https:\/\/www.abrias.ch\/de\/wp-json\/wp\/v2\/media?parent=148"}],"curies":[{"name":"wp","href":"https:\/\/api.w.org\/{rel}","templated":true}]}}