{"id":114,"date":"2021-04-29T21:10:56","date_gmt":"2021-04-29T19:10:56","guid":{"rendered":"https:\/\/abrias.cyon.site\/?page_id=114"},"modified":"2021-05-08T11:27:07","modified_gmt":"2021-05-08T09:27:07","slug":"portfolio-management","status":"publish","type":"page","link":"https:\/\/www.abrias.ch\/de\/philosophie\/portfolio-management\/","title":{"rendered":"Portfolio Management"},"content":{"rendered":"<p><div class=\"et_d4_element et_pb_section et_pb_section_1 ab-hero-image et_pb_with_background  et_pb_css_mix_blend_mode et_section_regular et_block_section\" >\n\t\t\t\t\n\t\t\t\t\n\t\t\t\t\n\t\t\t\t\n\t\t\t\t\n\t\t\t\t\n\t\t\t\t\n\t\t\t\t\n\t\t\t\t\n\t\t\t<\/div><div class=\"et_d4_element et_pb_section et_pb_section_2  et_pb_css_mix_blend_mode et_section_regular et_block_section\" >\n\t\t\t\t\n\t\t\t\t\n\t\t\t\t\n\t\t\t\t\n\t\t\t\t\n\t\t\t\t\n\t\t\t\t<div class=\"et_d4_element et_pb_row et_pb_row_0  et_pb_css_mix_blend_mode et_block_row\">\n\t\t\t\t<div class=\"et_d4_element et_pb_column_4_4 et_pb_column et_pb_column_0  et_pb_css_mix_blend_mode et-last-child et_block_column\">\n\t\t\t\t\n\t\t\t\t\n\t\t\t\t\n\t\t\t\t\n\t\t\t\t<div class=\"et_pb_module et_d4_element et_pb_text et_pb_text_0  et_pb_text_align_left et_pb_bg_layout_light\">\n\t\t\t\t\n\t\t\t\t\n\t\t\t\t\n\t\t\t\t\n\t\t\t\t<div class=\"et_pb_text_inner\"><h1>Portfolio Management<\/h1><\/div>\n\t\t\t<\/div><div class=\"et_pb_module et_d4_element et_pb_text et_pb_text_1  et_pb_text_align_left et_pb_bg_layout_light\">\n\t\t\t\t\n\t\t\t\t\n\t\t\t\t\n\t\t\t\t\n\t\t\t\t<div class=\"et_pb_text_inner\"><p>Die Komposition der Portfolios basiert auf den Erkenntnissen der eigenen Analyse und setzt sich aus Unternehmen zusammen, welche zu einem attraktiven Abschlag zu ihrem fairen Wert gehandelt werden. Je h\u00f6her der faire Wert im Vergleich zur aktuellen B\u00f6rsenbewertung liegt, desto gr\u00f6sser ist unser Engagement. Je kleiner die Differenz durch steigende Aktiennotierungen wird, desto dynamischer wird die Position reduziert.<\/p>\n<p>Die Portfoliogewichtungen nach Sektoren, Industrien, Regionen oder L\u00e4ndern richtet sich nicht nach einem Benchmark oder einer makro\u00f6konomischen Prognose, sondern ergibt sich aus der Summe der individuellen Investitionen (bottom-up). Aus Gr\u00fcnden der Diversifikation halten wir aber nie mehr als einen Drittel in einem bestimmten Sektor, respektive sechs Prozent einer einzelnen Aktienposition.<\/p><\/div>\n\t\t\t<\/div>\n\t\t\t<\/div>\n\t\t\t\t\n\t\t\t\t\n\t\t\t\t\n\t\t\t\t\n\t\t\t<\/div>\n\t\t\t\t\n\t\t\t\t\n\t\t\t<\/div><\/p>\n","protected":false},"excerpt":{"rendered":"","protected":false},"author":1,"featured_media":0,"parent":100,"menu_order":0,"comment_status":"closed","ping_status":"closed","template":"","meta":{"_et_pb_use_builder":"on","_et_pb_old_content":"","_et_gb_content_width":"","footnotes":""},"class_list":["post-114","page","type-page","status-publish","hentry"],"_links":{"self":[{"href":"https:\/\/www.abrias.ch\/de\/wp-json\/wp\/v2\/pages\/114","targetHints":{"allow":["GET"]}}],"collection":[{"href":"https:\/\/www.abrias.ch\/de\/wp-json\/wp\/v2\/pages"}],"about":[{"href":"https:\/\/www.abrias.ch\/de\/wp-json\/wp\/v2\/types\/page"}],"author":[{"embeddable":true,"href":"https:\/\/www.abrias.ch\/de\/wp-json\/wp\/v2\/users\/1"}],"replies":[{"embeddable":true,"href":"https:\/\/www.abrias.ch\/de\/wp-json\/wp\/v2\/comments?post=114"}],"version-history":[{"count":3,"href":"https:\/\/www.abrias.ch\/de\/wp-json\/wp\/v2\/pages\/114\/revisions"}],"predecessor-version":[{"id":235,"href":"https:\/\/www.abrias.ch\/de\/wp-json\/wp\/v2\/pages\/114\/revisions\/235"}],"up":[{"embeddable":true,"href":"https:\/\/www.abrias.ch\/de\/wp-json\/wp\/v2\/pages\/100"}],"wp:attachment":[{"href":"https:\/\/www.abrias.ch\/de\/wp-json\/wp\/v2\/media?parent=114"}],"curies":[{"name":"wp","href":"https:\/\/api.w.org\/{rel}","templated":true}]}}