{"id":102,"date":"2021-04-29T21:01:31","date_gmt":"2021-04-29T19:01:31","guid":{"rendered":"https:\/\/abrias.cyon.site\/?page_id=102"},"modified":"2021-06-28T14:56:47","modified_gmt":"2021-06-28T12:56:47","slug":"wertorientiertes-anlegen","status":"publish","type":"page","link":"https:\/\/www.abrias.ch\/de\/philosophie\/wertorientiertes-anlegen\/","title":{"rendered":"Wertorientiertes Anlegen"},"content":{"rendered":"<p><div class=\"et_d4_element et_pb_section et_pb_section_1 ab-hero-image et_pb_with_background  et_pb_css_mix_blend_mode et_section_regular et_block_section\" >\n\t\t\t\t\n\t\t\t\t\n\t\t\t\t\n\t\t\t\t\n\t\t\t\t\n\t\t\t\t\n\t\t\t\t\n\t\t\t\t\n\t\t\t\t\n\t\t\t<\/div><div class=\"et_d4_element et_pb_section et_pb_section_2  et_pb_css_mix_blend_mode et_section_regular et_block_section\" >\n\t\t\t\t\n\t\t\t\t\n\t\t\t\t\n\t\t\t\t\n\t\t\t\t\n\t\t\t\t\n\t\t\t\t<div class=\"et_d4_element et_pb_row et_pb_row_0  et_pb_css_mix_blend_mode et_block_row\">\n\t\t\t\t<div class=\"et_d4_element et_pb_column_4_4 et_pb_column et_pb_column_0  et_pb_css_mix_blend_mode et-last-child et_block_column\">\n\t\t\t\t\n\t\t\t\t\n\t\t\t\t\n\t\t\t\t\n\t\t\t\t<div class=\"et_pb_module et_d4_element et_pb_text et_pb_text_0  et_pb_text_align_left et_pb_bg_layout_light\">\n\t\t\t\t\n\t\t\t\t\n\t\t\t\t\n\t\t\t\t\n\t\t\t\t<div class=\"et_pb_text_inner\"><h1>Wertorientiertes Anlegen<\/h1><\/div>\n\t\t\t<\/div><div class=\"et_pb_module et_d4_element et_pb_image et_pb_image_0\">\n\t\t\t\t\n\t\t\t\t\n\t\t\t\t\n\t\t\t\t\n\t\t\t\t<span class=\"et_pb_image_wrap \"><img loading=\"lazy\" decoding=\"async\" width=\"1600\" height=\"757\" src=\"https:\/\/www.abrias.ch\/wp-content\/uploads\/value_vs_growth_investing_DE_EN_FR_w1600.png\" alt=\"Value Investing vs. Growth Investing\" title=\"Value Investing vs. Growth Investing\" srcset=\"https:\/\/www.abrias.ch\/wp-content\/uploads\/value_vs_growth_investing_DE_EN_FR_w1600.png 1600w, https:\/\/www.abrias.ch\/wp-content\/uploads\/value_vs_growth_investing_DE_EN_FR_w1600-1280x606.png 1280w, https:\/\/www.abrias.ch\/wp-content\/uploads\/value_vs_growth_investing_DE_EN_FR_w1600-980x464.png 980w, https:\/\/www.abrias.ch\/wp-content\/uploads\/value_vs_growth_investing_DE_EN_FR_w1600-480x227.png 480w\" sizes=\"(min-width: 0px) and (max-width: 480px) 480px, (min-width: 481px) and (max-width: 980px) 980px, (min-width: 981px) and (max-width: 1280px) 1280px, (min-width: 1281px) 1600px, 100vw\" class=\"wp-image-584\" \/><\/span>\n\t\t\t<\/div><div class=\"et_pb_module et_d4_element et_pb_text et_pb_text_1  et_pb_text_align_left et_pb_bg_layout_light\">\n\t\t\t\t\n\t\t\t\t\n\t\t\t\t\n\t\t\t\t\n\t\t\t\t<div class=\"et_pb_text_inner\"><p>Der Anlagestil des wertorientierten Investments hat sich \u00fcber Jahrzehnte bew\u00e4hrt und schliesst Debatten \u00fcber die Effizienz der M\u00e4rkte aus, auch wenn wir aufgrund unserer Erfahrung \u00fcberzeugt sind, dass sie sich, zumindest kurzfristig gesehen, nicht immer rational verhalten.<\/p>\n<p>F\u00fcr uns haben Aktienm\u00e4rkte eher \u00abmanisch depressive\u00bb Z\u00fcge: Das aktuelle Gef\u00fchlsempfinden des Gesamtmarktes kann sehr schnell von euphorisch bedenkenlosem Optimismus in grenzenlose Unsicherheit und Pessimismus umschlagen. Dies f\u00fchrt laufend zu markanten \u00dcberbewertungen einzelner Unternehmen, verursacht durch starke Avancen der Aktienpreise in gef\u00e4hrliche H\u00f6hen, oder zu eklatanten Unterbewertungen einzelner Unternehmen, verursacht durch massive Kursr\u00fcckschl\u00e4ge.<\/p>\n<p>Wir sind vom Nutzen des wertorientierten Investmentansatzes \u00fcberzeugt und investieren nur in Gesellschaften, welche einen substanziellen Abschlag zu ihrem fairen, potenziellen Wert aufweisen. Dabei agieren wir wie Unternehmer und betrachten unser Engagement als mittel- bis langfristigen Kauf eines kleinen Teils der Firma \u2013 und nicht als Erwerb eines Aktienzertifikates.<\/p><\/div>\n\t\t\t<\/div><div class=\"et_pb_module et_d4_element et_pb_text et_pb_text_2 ab-chart-caption  et_pb_text_align_left et_pb_bg_layout_light\">\n\t\t\t\t\n\t\t\t\t\n\t\t\t\t\n\t\t\t\t\n\t\t\t\t<div class=\"et_pb_text_inner\"><p>Grafik: Substanzwerte\/Wertorientiertes Anlegen (Value) im Vergleich zu Wachstumswerten (Growth). Wertentwicklung eines investierten US Dollars von 1927 bis 2020. Ibbotson 2021.<\/p><\/div>\n\t\t\t<\/div>\n\t\t\t<\/div>\n\t\t\t\t\n\t\t\t\t\n\t\t\t\t\n\t\t\t\t\n\t\t\t<\/div>\n\t\t\t\t\n\t\t\t\t\n\t\t\t<\/div><\/p>\n","protected":false},"excerpt":{"rendered":"","protected":false},"author":1,"featured_media":0,"parent":100,"menu_order":0,"comment_status":"closed","ping_status":"closed","template":"","meta":{"_et_pb_use_builder":"on","_et_pb_old_content":"","_et_gb_content_width":"","footnotes":""},"class_list":["post-102","page","type-page","status-publish","hentry"],"_links":{"self":[{"href":"https:\/\/www.abrias.ch\/de\/wp-json\/wp\/v2\/pages\/102","targetHints":{"allow":["GET"]}}],"collection":[{"href":"https:\/\/www.abrias.ch\/de\/wp-json\/wp\/v2\/pages"}],"about":[{"href":"https:\/\/www.abrias.ch\/de\/wp-json\/wp\/v2\/types\/page"}],"author":[{"embeddable":true,"href":"https:\/\/www.abrias.ch\/de\/wp-json\/wp\/v2\/users\/1"}],"replies":[{"embeddable":true,"href":"https:\/\/www.abrias.ch\/de\/wp-json\/wp\/v2\/comments?post=102"}],"version-history":[{"count":11,"href":"https:\/\/www.abrias.ch\/de\/wp-json\/wp\/v2\/pages\/102\/revisions"}],"predecessor-version":[{"id":632,"href":"https:\/\/www.abrias.ch\/de\/wp-json\/wp\/v2\/pages\/102\/revisions\/632"}],"up":[{"embeddable":true,"href":"https:\/\/www.abrias.ch\/de\/wp-json\/wp\/v2\/pages\/100"}],"wp:attachment":[{"href":"https:\/\/www.abrias.ch\/de\/wp-json\/wp\/v2\/media?parent=102"}],"curies":[{"name":"wp","href":"https:\/\/api.w.org\/{rel}","templated":true}]}}